{"id":8219,"date":"2021-10-06T07:46:50","date_gmt":"2021-10-06T05:46:50","guid":{"rendered":"https:\/\/kleiderbuegel-shop.de\/?post_type=product&#038;p=8219"},"modified":"2026-04-27T10:51:38","modified_gmt":"2026-04-27T08:51:38","slug":"138-hr-s","status":"publish","type":"product","link":"https:\/\/kleiderbuegel-shop.de\/en\/p\/138-hr-s\/","title":{"rendered":"Weber Formb\u00fcgel \u00bbEXCLUSIVE CUT\u00ab gerade Kopfform, mit Rockeinschnitten und Steg rutschfest"},"content":{"rendered":"<h2><strong>Schaffe sofort mehr Platz in deinem Kleiderschrank <\/strong><\/h2>\n<p>Nutze die Ausstattung dieses Kleiderb\u00fcgels clever und verstaue kombinierte Outfits oder Anz\u00fcge auf nur einem B\u00fcgel. Das spart Platzt \u2013 und sorgt daf\u00fcr, dass du morgens nicht mehr Einzelteile deines Outfits zusammensuchen musst. Diese Modelle sind in verschiedenen Gr\u00f6\u00dfen und Farben erh\u00e4ltlich.<\/p>\n<p>&nbsp;<\/p>\n\t\t<div data-elementor-type=\"section\" data-elementor-id=\"5516\" class=\"elementor elementor-5516\" data-elementor-post-type=\"elementor_library\">\n\t\t\t\t\t<section class=\"wd-negative-gap elementor-section elementor-top-section elementor-element elementor-element-2502c1c elementor-section-boxed elementor-section-height-default elementor-section-height-default\" data-id=\"2502c1c\" data-element_type=\"section\" data-e-type=\"section\">\n\t\t\t\t\t\t<div class=\"elementor-container elementor-column-gap-no\">\n\t\t\t\t\t<div class=\"elementor-column elementor-col-100 elementor-top-column elementor-element elementor-element-5778c9b\" data-id=\"5778c9b\" data-element_type=\"column\" data-e-type=\"column\">\n\t\t\t<div class=\"elementor-widget-wrap elementor-element-populated\">\n\t\t\t\t\t\t<div class=\"elementor-element elementor-element-7ed9008 elementor-widget elementor-widget-heading\" data-id=\"7ed9008\" data-element_type=\"widget\" data-e-type=\"widget\" data-widget_type=\"heading.default\">\n\t\t\t\t<div class=\"elementor-widget-container\">\n\t\t\t\t\t<h3 class=\"elementor-heading-title elementor-size-default\">Formb\u00fcgel \u201eShape\u201c: bringen deine Kleidung einfach in Top-Form<\/h3>\t\t\t\t<\/div>\n\t\t\t\t<\/div>\n\t\t\t\t<div class=\"elementor-element elementor-element-6e58383 color-scheme-inherit text-left elementor-widget elementor-widget-text-editor\" data-id=\"6e58383\" data-element_type=\"widget\" data-e-type=\"widget\" data-widget_type=\"text-editor.default\">\n\t\t\t\t<div class=\"elementor-widget-container\">\n\t\t\t\t\t\t\t\t\t<p>Die Modelle unserer Serie \u201eShape\u201c bieten deinen Oberteilen deutlich mehr Komfort als herk\u00f6mmliche B\u00fcgel. Das liegt an der angewinkelten Anordnung der Schenkel, die meist zwischen 13 und 25 Grad betr\u00e4gt und auf diese Weise deine Schulterpartie nachahmen. Deshalb nennt man diese B\u00fcgel in Fachkreisen auch Formb\u00fcgel. Damit zudem der Kragen in Form bleibt, besitzen die B\u00fcgel der Serie \u201eShape\u201c auch einen ausgepr\u00e4gten Kopf.<\/p>\t\t\t\t\t\t\t\t<\/div>\n\t\t\t\t<\/div>\n\t\t\t\t\t<\/div>\n\t\t<\/div>\n\t\t\t\t\t<\/div>\n\t\t<\/section>\n\t\t\t\t<\/div>\n\t\t\n<p>&nbsp;<\/p>\n\t\t<div data-elementor-type=\"section\" data-elementor-id=\"5537\" class=\"elementor elementor-5537\" data-elementor-post-type=\"elementor_library\">\n\t\t\t\t\t<section class=\"wd-negative-gap elementor-section elementor-top-section elementor-element elementor-element-6d0e1cd elementor-section-boxed elementor-section-height-default elementor-section-height-default\" data-id=\"6d0e1cd\" data-element_type=\"section\" data-e-type=\"section\">\n\t\t\t\t\t\t<div class=\"elementor-container elementor-column-gap-no\">\n\t\t\t\t\t<div class=\"elementor-column elementor-col-100 elementor-top-column elementor-element elementor-element-1a0b074\" data-id=\"1a0b074\" data-element_type=\"column\" data-e-type=\"column\">\n\t\t\t<div class=\"elementor-widget-wrap elementor-element-populated\">\n\t\t\t\t\t\t<div class=\"elementor-element elementor-element-6ff8fa3 elementor-widget elementor-widget-heading\" data-id=\"6ff8fa3\" data-element_type=\"widget\" data-e-type=\"widget\" data-widget_type=\"heading.default\">\n\t\t\t\t<div class=\"elementor-widget-container\">\n\t\t\t\t\t<h3 class=\"elementor-heading-title elementor-size-default\">Unsere Qualit\u00e4tslinie \u201eExclusive-Line\u201c: aus europ\u00e4ischer Herstellung und edlen H\u00f6lzern<\/h3>\t\t\t\t<\/div>\n\t\t\t\t<\/div>\n\t\t\t\t<div class=\"elementor-element elementor-element-2dace6b color-scheme-inherit text-left elementor-widget elementor-widget-text-editor\" data-id=\"2dace6b\" data-element_type=\"widget\" data-e-type=\"widget\" data-widget_type=\"text-editor.default\">\n\t\t\t\t<div class=\"elementor-widget-container\">\n\t\t\t\t\t\t\t\t\t<p>Du legst Wert auf sehr gute Verarbeitung, hohe Qualit\u00e4t und eine europ\u00e4ische Herstellung? F\u00fcr unsere \u201eExclusive\u201c-Ausf\u00fchrung verwenden wir ausschlie\u00dflich hochwertiges Vollholz aus nachhaltigem Anbau, das wir in Europa zu B\u00fcgeln verarbeiten. Auf diese Weise k\u00f6nnen wir garantieren, dass du sp\u00e4ter ein hochwertiges und besonders langlebiges Produkt in den H\u00e4nden h\u00e4ltst. Nach der Fertigung werden die Kleiderb\u00fcgel entweder mit einem naturfreundlichen Lack auf Wasserbasis lackiert, oder naturbelassen und lediglich roh geschliffen. Des Weiteren sind diese Modelle in verschiedenen Gr\u00f6\u00dfen und Ausstattungen erh\u00e4ltlich.<\/p>\t\t\t\t\t\t\t\t<\/div>\n\t\t\t\t<\/div>\n\t\t\t\t\t<\/div>\n\t\t<\/div>\n\t\t\t\t\t<\/div>\n\t\t<\/section>\n\t\t\t\t<\/div>\n\t\t\n<p>&nbsp;<\/p>\n<h3>Hinweise f\u00fcr die Anwendung<\/h3>\n<ul>\n<li>H\u00e4nge auf Holzkleiderb\u00fcgel nur trockene <span class=\"a-text-bold\">W\u00e4sche<\/span>!<\/li>\n<li>Nutze Holzkleiderb\u00fcgel nicht in R\u00e4umen mit <span class=\"a-text-bold\">hohen Lufttemperaturen<\/span>\u00a0oder<span class=\"a-text-bold\"> hoher Luftfeuchtigkeit.<\/span><\/li>\n<\/ul>\n","protected":false},"excerpt":{"rendered":"<p>Formb\u00fcgel aus Buchenholz, gerader Kopf mit Steg und Rockeinschnitten (38 cm\/41 cm\/44 cm), schwarz<\/p>\n","protected":false},"featured_media":5949,"comment_status":"open","ping_status":"closed","template":"","meta":{"_acf_changed":false},"product_brand":[],"product_cat":[40],"product_tag":[],"class_list":{"0":"post-8219","1":"product","2":"type-product","3":"status-publish","4":"has-post-thumbnail","6":"product_cat-formbuegel-shape","7":"pa_ausstattung-rockeinschnitte","8":"pa_ausstattung-rutschfester-steg","9":"pa_buegelhoehe-24-cm","10":"pa_buegelhoehe-25-cm","11":"pa_buegellaenge-38-cm","12":"pa_buegellaenge-41-cm","13":"pa_buegellaenge-44-cm","14":"pa_buegelstaerke-13-mm","15":"pa_farbe-schwarz","16":"pa_geeignet-fuer-hemden","17":"pa_geeignet-fuer-hosen","18":"pa_geeignet-fuer-pullover","19":"pa_geeignet-fuer-roecke","20":"pa_geeignet-fuer-sweatshirts","21":"pa_geeignet-fuer-t-shirts","22":"pa_geeignet-fuer-tops","23":"pa_genre-fuer-damen","24":"pa_genre-fuer-herren","25":"pa_haken-360-drehbar","26":"pa_haken-vernickelt","27":"pa_holzart-kleiderbuegel-aus-buchenholz","28":"pa_material-holz","30":"first","31":"instock","32":"taxable","33":"shipping-taxable","34":"purchasable","35":"product-type-variable","36":"has-default-attributes"},"acf":[],"yoast_head":"<!-- This site is optimized with the Yoast SEO plugin v27.3 - https:\/\/yoast.com\/product\/yoast-seo-wordpress\/ -->\n<title>Formb\u00fcgel EXCLUSIVE cut \ud83c\udf33 mit Steg und Kerben | schwarz<\/title>\n<meta name=\"description\" content=\"modernes Design | Kleiderb\u00fcgel aus Buchenholz in verschieden Farben und Gr\u00f6\u00dfen erh\u00e4ltlich | Schnelle Lieferung\u2713 30 Tage R\u00fcckgaberecht\u2713 ab 55 \u20ac Versandfrei\u2713\" \/>\n<meta name=\"robots\" content=\"index, follow, max-snippet:-1, max-image-preview:large, max-video-preview:-1\" \/>\n<link rel=\"canonical\" href=\"https:\/\/kleiderbuegel-shop.de\/en\/p\/138-hr-s\/\" \/>\n<meta property=\"og:locale\" content=\"en_US\" \/>\n<meta property=\"og:type\" content=\"article\" \/>\n<meta property=\"og:title\" content=\"Formb\u00fcgel EXCLUSIVE cut \ud83c\udf33 mit Steg und Kerben | schwarz\" \/>\n<meta property=\"og:description\" content=\"modernes Design | Kleiderb\u00fcgel aus Buchenholz in verschieden Farben und Gr\u00f6\u00dfen erh\u00e4ltlich | Schnelle Lieferung\u2713 30 Tage R\u00fcckgaberecht\u2713 ab 55 \u20ac Versandfrei\u2713\" \/>\n<meta property=\"og:url\" content=\"https:\/\/kleiderbuegel-shop.de\/en\/p\/138-hr-s\/\" \/>\n<meta property=\"og:site_name\" content=\"Weber Kleiderb\u00fcgel Shop\" \/>\n<meta property=\"article:modified_time\" content=\"2026-04-27T08:51:38+00:00\" \/>\n<meta property=\"og:image\" content=\"https:\/\/kleiderbuegel-shop.de\/wp-content\/uploads\/138-hr-s-front-scaled.jpg\" \/>\n\t<meta property=\"og:image:width\" content=\"2560\" \/>\n\t<meta property=\"og:image:height\" content=\"2560\" \/>\n\t<meta property=\"og:image:type\" content=\"image\/jpeg\" \/>\n<meta name=\"twitter:card\" content=\"summary_large_image\" \/>\n<meta name=\"twitter:label1\" content=\"Est. reading time\" \/>\n\t<meta name=\"twitter:data1\" content=\"1 minute\" \/>\n<script type=\"application\/ld+json\" class=\"yoast-schema-graph\">{\"@context\":\"https:\\\/\\\/schema.org\",\"@graph\":[{\"@type\":\"WebPage\",\"@id\":\"https:\\\/\\\/kleiderbuegel-shop.de\\\/en\\\/p\\\/138-hr-s\\\/\",\"url\":\"https:\\\/\\\/kleiderbuegel-shop.de\\\/en\\\/p\\\/138-hr-s\\\/\",\"name\":\"Formb\u00fcgel EXCLUSIVE cut \ud83c\udf33 mit Steg und Kerben | schwarz\",\"isPartOf\":{\"@id\":\"https:\\\/\\\/kleiderbuegel-shop.de\\\/en\\\/#website\"},\"primaryImageOfPage\":{\"@id\":\"https:\\\/\\\/kleiderbuegel-shop.de\\\/en\\\/p\\\/138-hr-s\\\/#primaryimage\"},\"image\":{\"@id\":\"https:\\\/\\\/kleiderbuegel-shop.de\\\/en\\\/p\\\/138-hr-s\\\/#primaryimage\"},\"thumbnailUrl\":\"https:\\\/\\\/kleiderbuegel-shop.de\\\/wp-content\\\/uploads\\\/138-hr-s-front-scaled.jpg\",\"datePublished\":\"2021-10-06T05:46:50+00:00\",\"dateModified\":\"2026-04-27T08:51:38+00:00\",\"description\":\"modernes Design | Kleiderb\u00fcgel aus Buchenholz in verschieden Farben und Gr\u00f6\u00dfen erh\u00e4ltlich | Schnelle Lieferung\u2713 30 Tage R\u00fcckgaberecht\u2713 ab 55 \u20ac Versandfrei\u2713\",\"breadcrumb\":{\"@id\":\"https:\\\/\\\/kleiderbuegel-shop.de\\\/en\\\/p\\\/138-hr-s\\\/#breadcrumb\"},\"inLanguage\":\"en-US\",\"potentialAction\":[{\"@type\":\"ReadAction\",\"target\":[\"https:\\\/\\\/kleiderbuegel-shop.de\\\/en\\\/p\\\/138-hr-s\\\/\"]}]},{\"@type\":\"ImageObject\",\"inLanguage\":\"en-US\",\"@id\":\"https:\\\/\\\/kleiderbuegel-shop.de\\\/en\\\/p\\\/138-hr-s\\\/#primaryimage\",\"url\":\"https:\\\/\\\/kleiderbuegel-shop.de\\\/wp-content\\\/uploads\\\/138-hr-s-front-scaled.jpg\",\"contentUrl\":\"https:\\\/\\\/kleiderbuegel-shop.de\\\/wp-content\\\/uploads\\\/138-hr-s-front-scaled.jpg\",\"width\":2560,\"height\":2560},{\"@type\":\"BreadcrumbList\",\"@id\":\"https:\\\/\\\/kleiderbuegel-shop.de\\\/en\\\/p\\\/138-hr-s\\\/#breadcrumb\",\"itemListElement\":[{\"@type\":\"ListItem\",\"position\":1,\"name\":\"Startseite\",\"item\":\"https:\\\/\\\/kleiderbuegel-shop.de\\\/en\\\/home-2-2-3-2\\\/\"},{\"@type\":\"ListItem\",\"position\":2,\"name\":\"Shop\",\"item\":\"https:\\\/\\\/kleiderbuegel-shop.de\\\/en\\\/shop\\\/\"},{\"@type\":\"ListItem\",\"position\":3,\"name\":\"Weber Formb\u00fcgel \u00bbEXCLUSIVE CUT\u00ab gerade Kopfform, mit Rockeinschnitten und Steg rutschfest\"}]},{\"@type\":\"WebSite\",\"@id\":\"https:\\\/\\\/kleiderbuegel-shop.de\\\/en\\\/#website\",\"url\":\"https:\\\/\\\/kleiderbuegel-shop.de\\\/en\\\/\",\"name\":\"Weber Kleiderb\u00fcgel Shop\",\"description\":\"Individuell. Modern. Zeitlos.\",\"potentialAction\":[{\"@type\":\"SearchAction\",\"target\":{\"@type\":\"EntryPoint\",\"urlTemplate\":\"https:\\\/\\\/kleiderbuegel-shop.de\\\/en\\\/?s={search_term_string}\"},\"query-input\":{\"@type\":\"PropertyValueSpecification\",\"valueRequired\":true,\"valueName\":\"search_term_string\"}}],\"inLanguage\":\"en-US\"}]}<\/script>\n<!-- \/ Yoast SEO plugin. -->","yoast_head_json":{"title":"Formb\u00fcgel EXCLUSIVE cut \ud83c\udf33 mit Steg und Kerben | schwarz","description":"modernes Design | Kleiderb\u00fcgel aus Buchenholz in verschieden Farben und Gr\u00f6\u00dfen erh\u00e4ltlich | Schnelle Lieferung\u2713 30 Tage R\u00fcckgaberecht\u2713 ab 55 \u20ac Versandfrei\u2713","robots":{"index":"index","follow":"follow","max-snippet":"max-snippet:-1","max-image-preview":"max-image-preview:large","max-video-preview":"max-video-preview:-1"},"canonical":"https:\/\/kleiderbuegel-shop.de\/en\/p\/138-hr-s\/","og_locale":"en_US","og_type":"article","og_title":"Formb\u00fcgel EXCLUSIVE cut \ud83c\udf33 mit Steg und Kerben | schwarz","og_description":"modernes Design | Kleiderb\u00fcgel aus Buchenholz in verschieden Farben und Gr\u00f6\u00dfen erh\u00e4ltlich | Schnelle Lieferung\u2713 30 Tage R\u00fcckgaberecht\u2713 ab 55 \u20ac Versandfrei\u2713","og_url":"https:\/\/kleiderbuegel-shop.de\/en\/p\/138-hr-s\/","og_site_name":"Weber Kleiderb\u00fcgel Shop","article_modified_time":"2026-04-27T08:51:38+00:00","og_image":[{"width":2560,"height":2560,"url":"https:\/\/kleiderbuegel-shop.de\/wp-content\/uploads\/138-hr-s-front-scaled.jpg","type":"image\/jpeg"}],"twitter_card":"summary_large_image","twitter_misc":{"Est. reading time":"1 minute"},"schema":{"@context":"https:\/\/schema.org","@graph":[{"@type":"WebPage","@id":"https:\/\/kleiderbuegel-shop.de\/en\/p\/138-hr-s\/","url":"https:\/\/kleiderbuegel-shop.de\/en\/p\/138-hr-s\/","name":"Formb\u00fcgel EXCLUSIVE cut \ud83c\udf33 mit Steg und Kerben | schwarz","isPartOf":{"@id":"https:\/\/kleiderbuegel-shop.de\/en\/#website"},"primaryImageOfPage":{"@id":"https:\/\/kleiderbuegel-shop.de\/en\/p\/138-hr-s\/#primaryimage"},"image":{"@id":"https:\/\/kleiderbuegel-shop.de\/en\/p\/138-hr-s\/#primaryimage"},"thumbnailUrl":"https:\/\/kleiderbuegel-shop.de\/wp-content\/uploads\/138-hr-s-front-scaled.jpg","datePublished":"2021-10-06T05:46:50+00:00","dateModified":"2026-04-27T08:51:38+00:00","description":"modernes Design | Kleiderb\u00fcgel aus Buchenholz in verschieden Farben und Gr\u00f6\u00dfen erh\u00e4ltlich | Schnelle Lieferung\u2713 30 Tage R\u00fcckgaberecht\u2713 ab 55 \u20ac Versandfrei\u2713","breadcrumb":{"@id":"https:\/\/kleiderbuegel-shop.de\/en\/p\/138-hr-s\/#breadcrumb"},"inLanguage":"en-US","potentialAction":[{"@type":"ReadAction","target":["https:\/\/kleiderbuegel-shop.de\/en\/p\/138-hr-s\/"]}]},{"@type":"ImageObject","inLanguage":"en-US","@id":"https:\/\/kleiderbuegel-shop.de\/en\/p\/138-hr-s\/#primaryimage","url":"https:\/\/kleiderbuegel-shop.de\/wp-content\/uploads\/138-hr-s-front-scaled.jpg","contentUrl":"https:\/\/kleiderbuegel-shop.de\/wp-content\/uploads\/138-hr-s-front-scaled.jpg","width":2560,"height":2560},{"@type":"BreadcrumbList","@id":"https:\/\/kleiderbuegel-shop.de\/en\/p\/138-hr-s\/#breadcrumb","itemListElement":[{"@type":"ListItem","position":1,"name":"Startseite","item":"https:\/\/kleiderbuegel-shop.de\/en\/home-2-2-3-2\/"},{"@type":"ListItem","position":2,"name":"Shop","item":"https:\/\/kleiderbuegel-shop.de\/en\/shop\/"},{"@type":"ListItem","position":3,"name":"Weber Formb\u00fcgel \u00bbEXCLUSIVE CUT\u00ab gerade Kopfform, mit Rockeinschnitten und Steg rutschfest"}]},{"@type":"WebSite","@id":"https:\/\/kleiderbuegel-shop.de\/en\/#website","url":"https:\/\/kleiderbuegel-shop.de\/en\/","name":"Weber Kleiderb\u00fcgel Shop","description":"Individuell. Modern. Zeitlos.","potentialAction":[{"@type":"SearchAction","target":{"@type":"EntryPoint","urlTemplate":"https:\/\/kleiderbuegel-shop.de\/en\/?s={search_term_string}"},"query-input":{"@type":"PropertyValueSpecification","valueRequired":true,"valueName":"search_term_string"}}],"inLanguage":"en-US"}]}},"tiered_pricing_type":"percentage","tiered_pricing_fixed_rules":[],"tiered_pricing_product_settings":{"layout":"default","base_unit_name":{"singular":null,"plural":null},"default_variation":null},"tiered_pricing_minimum_quantity":10,"tiered_pricing_roles_data":[],"tiered_pricing_percentage_rules":{"20":"5.643","50":"6.77","100":"7.9"},"tiered_pricing_maximum_quantity":null,"tiered_pricing_quantity_step":null,"_links":{"self":[{"href":"https:\/\/kleiderbuegel-shop.de\/en\/wp-json\/wp\/v2\/product\/8219","targetHints":{"allow":["GET"]}}],"collection":[{"href":"https:\/\/kleiderbuegel-shop.de\/en\/wp-json\/wp\/v2\/product"}],"about":[{"href":"https:\/\/kleiderbuegel-shop.de\/en\/wp-json\/wp\/v2\/types\/product"}],"replies":[{"embeddable":true,"href":"https:\/\/kleiderbuegel-shop.de\/en\/wp-json\/wp\/v2\/comments?post=8219"}],"wp:featuredmedia":[{"embeddable":true,"href":"https:\/\/kleiderbuegel-shop.de\/en\/wp-json\/wp\/v2\/media\/5949"}],"wp:attachment":[{"href":"https:\/\/kleiderbuegel-shop.de\/en\/wp-json\/wp\/v2\/media?parent=8219"}],"wp:term":[{"taxonomy":"product_brand","embeddable":true,"href":"https:\/\/kleiderbuegel-shop.de\/en\/wp-json\/wp\/v2\/product_brand?post=8219"},{"taxonomy":"product_cat","embeddable":true,"href":"https:\/\/kleiderbuegel-shop.de\/en\/wp-json\/wp\/v2\/product_cat?post=8219"},{"taxonomy":"product_tag","embeddable":true,"href":"https:\/\/kleiderbuegel-shop.de\/en\/wp-json\/wp\/v2\/product_tag?post=8219"}],"curies":[{"name":"wp","href":"https:\/\/api.w.org\/{rel}","templated":true}]}}