{"id":13235,"date":"2021-07-10T07:58:22","date_gmt":"2021-07-10T05:58:22","guid":{"rendered":"https:\/\/kleiderbuegel-shop.de\/produkt\/weber-shaped-hanger-black-line-with-3-cm-wide-shoulder-part-and-non-slip-bar\/"},"modified":"2021-07-10T07:58:22","modified_gmt":"2021-07-10T05:58:22","slug":"239-44-30-rs-h4s","status":"publish","type":"product","link":"https:\/\/kleiderbuegel-shop.de\/en\/p\/239-44-30-rs-h4s\/","title":{"rendered":"Weber shaped hanger \u00bbBLACK-LINE\u00ab with 3 cm wide shoulder part and non-slip bar"},"content":{"rendered":"<h2><strong>A stylish coat hanger with<br \/>\nwide shoulder parts and trouser bar.<br \/>\n<\/strong><\/h2>\n<p>Perfectly suitable f\u00fcr women&#8217;s clothing. Thanks to the widened shoulders, blazers or suits always look as good as the first day. The matching trousers find their place on the non-slip covered trouser bar. A 4 mm thick, black powder-coated hook provides the visual highlight.&#8221;<\/p>\n<p>&nbsp;<\/p>\n\t\t<div data-elementor-type=\"section\" data-elementor-id=\"5516\" class=\"elementor elementor-5516\" data-elementor-post-type=\"elementor_library\">\n\t\t\t\t\t<section class=\"wd-negative-gap elementor-section elementor-top-section elementor-element elementor-element-2502c1c elementor-section-boxed elementor-section-height-default elementor-section-height-default\" data-id=\"2502c1c\" data-element_type=\"section\" data-e-type=\"section\">\n\t\t\t\t\t\t<div class=\"elementor-container elementor-column-gap-no\">\n\t\t\t\t\t<div class=\"elementor-column elementor-col-100 elementor-top-column elementor-element elementor-element-5778c9b\" data-id=\"5778c9b\" data-element_type=\"column\" data-e-type=\"column\">\n\t\t\t<div class=\"elementor-widget-wrap elementor-element-populated\">\n\t\t\t\t\t\t<div class=\"elementor-element elementor-element-7ed9008 elementor-widget elementor-widget-heading\" data-id=\"7ed9008\" data-element_type=\"widget\" data-e-type=\"widget\" data-widget_type=\"heading.default\">\n\t\t\t\t<div class=\"elementor-widget-container\">\n\t\t\t\t\t<h3 class=\"elementor-heading-title elementor-size-default\">Formb\u00fcgel \u201eShape\u201c: bringen deine Kleidung einfach in Top-Form<\/h3>\t\t\t\t<\/div>\n\t\t\t\t<\/div>\n\t\t\t\t<div class=\"elementor-element elementor-element-6e58383 color-scheme-inherit text-left elementor-widget elementor-widget-text-editor\" data-id=\"6e58383\" data-element_type=\"widget\" data-e-type=\"widget\" data-widget_type=\"text-editor.default\">\n\t\t\t\t<div class=\"elementor-widget-container\">\n\t\t\t\t\t\t\t\t\t<p>Die Modelle unserer Serie \u201eShape\u201c bieten deinen Oberteilen deutlich mehr Komfort als herk\u00f6mmliche B\u00fcgel. Das liegt an der angewinkelten Anordnung der Schenkel, die meist zwischen 13 und 25 Grad betr\u00e4gt und auf diese Weise deine Schulterpartie nachahmen. Deshalb nennt man diese B\u00fcgel in Fachkreisen auch Formb\u00fcgel. Damit zudem der Kragen in Form bleibt, besitzen die B\u00fcgel der Serie \u201eShape\u201c auch einen ausgepr\u00e4gten Kopf.<\/p>\t\t\t\t\t\t\t\t<\/div>\n\t\t\t\t<\/div>\n\t\t\t\t\t<\/div>\n\t\t<\/div>\n\t\t\t\t\t<\/div>\n\t\t<\/section>\n\t\t\t\t<\/div>\n\t\t\n<p>&nbsp;<\/p>\n\t\t<div data-elementor-type=\"section\" data-elementor-id=\"5537\" class=\"elementor elementor-5537\" data-elementor-post-type=\"elementor_library\">\n\t\t\t\t\t<section class=\"wd-negative-gap elementor-section elementor-top-section elementor-element elementor-element-6d0e1cd elementor-section-boxed elementor-section-height-default elementor-section-height-default\" data-id=\"6d0e1cd\" data-element_type=\"section\" data-e-type=\"section\">\n\t\t\t\t\t\t<div class=\"elementor-container elementor-column-gap-no\">\n\t\t\t\t\t<div class=\"elementor-column elementor-col-100 elementor-top-column elementor-element elementor-element-1a0b074\" data-id=\"1a0b074\" data-element_type=\"column\" data-e-type=\"column\">\n\t\t\t<div class=\"elementor-widget-wrap elementor-element-populated\">\n\t\t\t\t\t\t<div class=\"elementor-element elementor-element-6ff8fa3 elementor-widget elementor-widget-heading\" data-id=\"6ff8fa3\" data-element_type=\"widget\" data-e-type=\"widget\" data-widget_type=\"heading.default\">\n\t\t\t\t<div class=\"elementor-widget-container\">\n\t\t\t\t\t<h3 class=\"elementor-heading-title elementor-size-default\">Unsere Qualit\u00e4tslinie \u201eExclusive-Line\u201c: aus europ\u00e4ischer Herstellung und edlen H\u00f6lzern<\/h3>\t\t\t\t<\/div>\n\t\t\t\t<\/div>\n\t\t\t\t<div class=\"elementor-element elementor-element-2dace6b color-scheme-inherit text-left elementor-widget elementor-widget-text-editor\" data-id=\"2dace6b\" data-element_type=\"widget\" data-e-type=\"widget\" data-widget_type=\"text-editor.default\">\n\t\t\t\t<div class=\"elementor-widget-container\">\n\t\t\t\t\t\t\t\t\t<p>Du legst Wert auf sehr gute Verarbeitung, hohe Qualit\u00e4t und eine europ\u00e4ische Herstellung? F\u00fcr unsere \u201eExclusive\u201c-Ausf\u00fchrung verwenden wir ausschlie\u00dflich hochwertiges Vollholz aus nachhaltigem Anbau, das wir in Europa zu B\u00fcgeln verarbeiten. Auf diese Weise k\u00f6nnen wir garantieren, dass du sp\u00e4ter ein hochwertiges und besonders langlebiges Produkt in den H\u00e4nden h\u00e4ltst. Nach der Fertigung werden die Kleiderb\u00fcgel entweder mit einem naturfreundlichen Lack auf Wasserbasis lackiert, oder naturbelassen und lediglich roh geschliffen. Des Weiteren sind diese Modelle in verschiedenen Gr\u00f6\u00dfen und Ausstattungen erh\u00e4ltlich.<\/p>\t\t\t\t\t\t\t\t<\/div>\n\t\t\t\t<\/div>\n\t\t\t\t\t<\/div>\n\t\t<\/div>\n\t\t\t\t\t<\/div>\n\t\t<\/section>\n\t\t\t\t<\/div>\n\t\t\n<p>&nbsp;<\/p>\n<h3>Instruction of usage<\/h3>\n<ul>\n<li>Hang only dry <span class=\"a-text-bold\">garments<\/span> on wooden hangers.<\/li>\n<li>Do not use wooden hangers in rooms with <span class=\"a-text-bold\">high air temperatures<\/span> or <span class=\"a-text-bold\">high humidity<\/span>.<\/li>\n<\/ul>\n","protected":false},"excerpt":{"rendered":"<p>Shaped hanger made of beech wood with 3 cm wide shoulder parts, black<\/p>\n","protected":false},"featured_media":12493,"comment_status":"open","ping_status":"closed","template":"","meta":{"_acf_changed":false},"product_brand":[],"product_cat":[461,477],"product_tag":[],"class_list":{"0":"post-13235","1":"product","2":"type-product","3":"status-publish","4":"has-post-thumbnail","6":"product_cat-black-line-en","7":"product_cat-weber-collection","8":"pa_ausstattung-anti-slip-bar","9":"pa_buegelhoehe-25-cm-en-2","10":"pa_buegellaenge-41-cm-en","11":"pa_buegellaenge-44-cm-en","12":"pa_buegelstaerke-16-mm-en","13":"pa_farbe-black","14":"pa_geeignet-fuer-blazer-en","15":"pa_geeignet-fuer-coats","16":"pa_geeignet-fuer-jackets-en-2","17":"pa_geeignet-fuer-jackets-en","18":"pa_geeignet-fuer-sacquets","19":"pa_geeignet-fuer-suits","20":"pa_geeignet-fuer-sweaters","21":"pa_genre-for-men","22":"pa_genre-for-women","23":"pa_haken-360-rotable","24":"pa_haken-4-mm-en","25":"pa_haken-black","26":"pa_holzart-hangers-made-of-beech-wood","27":"pa_material-wood","28":"pa_schulterverbreiterung-30mm-en","30":"first","31":"instock","32":"taxable","33":"shipping-taxable","34":"purchasable","35":"product-type-variable","36":"has-default-attributes"},"acf":[],"yoast_head":"<!-- This site is optimized with the Yoast SEO plugin v27.3 - https:\/\/yoast.com\/product\/yoast-seo-wordpress\/ -->\n<title>Weber shaped hanger \u00bbBLACK-LINE\u00ab with 3 cm wide shoulder part and non-slip bar<\/title>\n<meta name=\"description\" content=\"WEBER clothes hangers \u00bbBLACK-LINE\u00ab made of beech wood \u2013 different styles - fast delivery \u2713 30 days of return \u2713 \u20ac55+ free domestic shipping \u2713\" \/>\n<meta name=\"robots\" content=\"index, follow, max-snippet:-1, max-image-preview:large, max-video-preview:-1\" \/>\n<link rel=\"canonical\" href=\"https:\/\/kleiderbuegel-shop.de\/en\/p\/239-44-30-rs-h4s\/\" \/>\n<meta property=\"og:locale\" content=\"en_US\" \/>\n<meta property=\"og:type\" content=\"article\" \/>\n<meta property=\"og:title\" content=\"Weber shaped hanger \u00bbBLACK-LINE\u00ab with 3 cm wide shoulder part and non-slip bar\" \/>\n<meta property=\"og:description\" content=\"WEBER clothes hangers \u00bbBLACK-LINE\u00ab made of beech wood \u2013 different styles - fast delivery \u2713 30 days of return \u2713 \u20ac55+ free domestic shipping \u2713\" \/>\n<meta property=\"og:url\" content=\"https:\/\/kleiderbuegel-shop.de\/en\/p\/239-44-30-rs-h4s\/\" \/>\n<meta property=\"og:site_name\" content=\"Weber Kleiderb\u00fcgel Shop\" \/>\n<meta property=\"og:image\" content=\"https:\/\/kleiderbuegel-shop.de\/wp-content\/uploads\/239-44-30-s-h73-front--scaled.jpg\" \/>\n\t<meta property=\"og:image:width\" content=\"2560\" \/>\n\t<meta property=\"og:image:height\" content=\"2560\" \/>\n\t<meta property=\"og:image:type\" content=\"image\/jpeg\" \/>\n<meta name=\"twitter:card\" content=\"summary_large_image\" \/>\n<script type=\"application\/ld+json\" class=\"yoast-schema-graph\">{\"@context\":\"https:\\\/\\\/schema.org\",\"@graph\":[{\"@type\":\"WebPage\",\"@id\":\"https:\\\/\\\/kleiderbuegel-shop.de\\\/en\\\/p\\\/239-44-30-rs-h4s\\\/\",\"url\":\"https:\\\/\\\/kleiderbuegel-shop.de\\\/en\\\/p\\\/239-44-30-rs-h4s\\\/\",\"name\":\"Weber shaped hanger \u00bbBLACK-LINE\u00ab with 3 cm wide shoulder part and non-slip bar\",\"isPartOf\":{\"@id\":\"https:\\\/\\\/kleiderbuegel-shop.de\\\/en\\\/#website\"},\"primaryImageOfPage\":{\"@id\":\"https:\\\/\\\/kleiderbuegel-shop.de\\\/en\\\/p\\\/239-44-30-rs-h4s\\\/#primaryimage\"},\"image\":{\"@id\":\"https:\\\/\\\/kleiderbuegel-shop.de\\\/en\\\/p\\\/239-44-30-rs-h4s\\\/#primaryimage\"},\"thumbnailUrl\":\"https:\\\/\\\/kleiderbuegel-shop.de\\\/wp-content\\\/uploads\\\/239-44-30-s-h73-front--scaled.jpg\",\"datePublished\":\"2021-07-10T05:58:22+00:00\",\"description\":\"WEBER clothes hangers \u00bbBLACK-LINE\u00ab made of beech wood \u2013 different styles - fast delivery \u2713 30 days of return \u2713 \u20ac55+ free domestic shipping \u2713\",\"breadcrumb\":{\"@id\":\"https:\\\/\\\/kleiderbuegel-shop.de\\\/en\\\/p\\\/239-44-30-rs-h4s\\\/#breadcrumb\"},\"inLanguage\":\"en-US\",\"potentialAction\":[{\"@type\":\"ReadAction\",\"target\":[\"https:\\\/\\\/kleiderbuegel-shop.de\\\/en\\\/p\\\/239-44-30-rs-h4s\\\/\"]}]},{\"@type\":\"ImageObject\",\"inLanguage\":\"en-US\",\"@id\":\"https:\\\/\\\/kleiderbuegel-shop.de\\\/en\\\/p\\\/239-44-30-rs-h4s\\\/#primaryimage\",\"url\":\"https:\\\/\\\/kleiderbuegel-shop.de\\\/wp-content\\\/uploads\\\/239-44-30-s-h73-front--scaled.jpg\",\"contentUrl\":\"https:\\\/\\\/kleiderbuegel-shop.de\\\/wp-content\\\/uploads\\\/239-44-30-s-h73-front--scaled.jpg\",\"width\":2560,\"height\":2560},{\"@type\":\"BreadcrumbList\",\"@id\":\"https:\\\/\\\/kleiderbuegel-shop.de\\\/en\\\/p\\\/239-44-30-rs-h4s\\\/#breadcrumb\",\"itemListElement\":[{\"@type\":\"ListItem\",\"position\":1,\"name\":\"Startseite\",\"item\":\"https:\\\/\\\/kleiderbuegel-shop.de\\\/en\\\/home-2-2-3-2\\\/\"},{\"@type\":\"ListItem\",\"position\":2,\"name\":\"Shop\",\"item\":\"https:\\\/\\\/kleiderbuegel-shop.de\\\/en\\\/shop\\\/\"},{\"@type\":\"ListItem\",\"position\":3,\"name\":\"Weber shaped hanger \u00bbBLACK-LINE\u00ab with 3 cm wide shoulder part and non-slip bar\"}]},{\"@type\":\"WebSite\",\"@id\":\"https:\\\/\\\/kleiderbuegel-shop.de\\\/en\\\/#website\",\"url\":\"https:\\\/\\\/kleiderbuegel-shop.de\\\/en\\\/\",\"name\":\"Weber Kleiderb\u00fcgel Shop\",\"description\":\"Individuell. Modern. Zeitlos.\",\"potentialAction\":[{\"@type\":\"SearchAction\",\"target\":{\"@type\":\"EntryPoint\",\"urlTemplate\":\"https:\\\/\\\/kleiderbuegel-shop.de\\\/en\\\/?s={search_term_string}\"},\"query-input\":{\"@type\":\"PropertyValueSpecification\",\"valueRequired\":true,\"valueName\":\"search_term_string\"}}],\"inLanguage\":\"en-US\"}]}<\/script>\n<!-- \/ Yoast SEO plugin. -->","yoast_head_json":{"title":"Weber shaped hanger \u00bbBLACK-LINE\u00ab with 3 cm wide shoulder part and non-slip bar","description":"WEBER clothes hangers \u00bbBLACK-LINE\u00ab made of beech wood \u2013 different styles - fast delivery \u2713 30 days of return \u2713 \u20ac55+ free domestic shipping \u2713","robots":{"index":"index","follow":"follow","max-snippet":"max-snippet:-1","max-image-preview":"max-image-preview:large","max-video-preview":"max-video-preview:-1"},"canonical":"https:\/\/kleiderbuegel-shop.de\/en\/p\/239-44-30-rs-h4s\/","og_locale":"en_US","og_type":"article","og_title":"Weber shaped hanger \u00bbBLACK-LINE\u00ab with 3 cm wide shoulder part and non-slip bar","og_description":"WEBER clothes hangers \u00bbBLACK-LINE\u00ab made of beech wood \u2013 different styles - fast delivery \u2713 30 days of return \u2713 \u20ac55+ free domestic shipping \u2713","og_url":"https:\/\/kleiderbuegel-shop.de\/en\/p\/239-44-30-rs-h4s\/","og_site_name":"Weber Kleiderb\u00fcgel Shop","og_image":[{"width":2560,"height":2560,"url":"https:\/\/kleiderbuegel-shop.de\/wp-content\/uploads\/239-44-30-s-h73-front--scaled.jpg","type":"image\/jpeg"}],"twitter_card":"summary_large_image","schema":{"@context":"https:\/\/schema.org","@graph":[{"@type":"WebPage","@id":"https:\/\/kleiderbuegel-shop.de\/en\/p\/239-44-30-rs-h4s\/","url":"https:\/\/kleiderbuegel-shop.de\/en\/p\/239-44-30-rs-h4s\/","name":"Weber shaped hanger \u00bbBLACK-LINE\u00ab with 3 cm wide shoulder part and non-slip bar","isPartOf":{"@id":"https:\/\/kleiderbuegel-shop.de\/en\/#website"},"primaryImageOfPage":{"@id":"https:\/\/kleiderbuegel-shop.de\/en\/p\/239-44-30-rs-h4s\/#primaryimage"},"image":{"@id":"https:\/\/kleiderbuegel-shop.de\/en\/p\/239-44-30-rs-h4s\/#primaryimage"},"thumbnailUrl":"https:\/\/kleiderbuegel-shop.de\/wp-content\/uploads\/239-44-30-s-h73-front--scaled.jpg","datePublished":"2021-07-10T05:58:22+00:00","description":"WEBER clothes hangers \u00bbBLACK-LINE\u00ab made of beech wood \u2013 different styles - fast delivery \u2713 30 days of return \u2713 \u20ac55+ free domestic shipping \u2713","breadcrumb":{"@id":"https:\/\/kleiderbuegel-shop.de\/en\/p\/239-44-30-rs-h4s\/#breadcrumb"},"inLanguage":"en-US","potentialAction":[{"@type":"ReadAction","target":["https:\/\/kleiderbuegel-shop.de\/en\/p\/239-44-30-rs-h4s\/"]}]},{"@type":"ImageObject","inLanguage":"en-US","@id":"https:\/\/kleiderbuegel-shop.de\/en\/p\/239-44-30-rs-h4s\/#primaryimage","url":"https:\/\/kleiderbuegel-shop.de\/wp-content\/uploads\/239-44-30-s-h73-front--scaled.jpg","contentUrl":"https:\/\/kleiderbuegel-shop.de\/wp-content\/uploads\/239-44-30-s-h73-front--scaled.jpg","width":2560,"height":2560},{"@type":"BreadcrumbList","@id":"https:\/\/kleiderbuegel-shop.de\/en\/p\/239-44-30-rs-h4s\/#breadcrumb","itemListElement":[{"@type":"ListItem","position":1,"name":"Startseite","item":"https:\/\/kleiderbuegel-shop.de\/en\/home-2-2-3-2\/"},{"@type":"ListItem","position":2,"name":"Shop","item":"https:\/\/kleiderbuegel-shop.de\/en\/shop\/"},{"@type":"ListItem","position":3,"name":"Weber shaped hanger \u00bbBLACK-LINE\u00ab with 3 cm wide shoulder part and non-slip bar"}]},{"@type":"WebSite","@id":"https:\/\/kleiderbuegel-shop.de\/en\/#website","url":"https:\/\/kleiderbuegel-shop.de\/en\/","name":"Weber Kleiderb\u00fcgel Shop","description":"Individuell. Modern. Zeitlos.","potentialAction":[{"@type":"SearchAction","target":{"@type":"EntryPoint","urlTemplate":"https:\/\/kleiderbuegel-shop.de\/en\/?s={search_term_string}"},"query-input":{"@type":"PropertyValueSpecification","valueRequired":true,"valueName":"search_term_string"}}],"inLanguage":"en-US"}]}},"tiered_pricing_type":"percentage","tiered_pricing_fixed_rules":[],"tiered_pricing_product_settings":{"layout":"default","base_unit_name":{"singular":null,"plural":null},"default_variation":null},"tiered_pricing_minimum_quantity":5,"tiered_pricing_roles_data":[],"tiered_pricing_percentage_rules":{"10":"5.26","25":"8.41","50":"8.76","100":"9.35"},"tiered_pricing_maximum_quantity":null,"tiered_pricing_quantity_step":null,"_links":{"self":[{"href":"https:\/\/kleiderbuegel-shop.de\/en\/wp-json\/wp\/v2\/product\/13235","targetHints":{"allow":["GET"]}}],"collection":[{"href":"https:\/\/kleiderbuegel-shop.de\/en\/wp-json\/wp\/v2\/product"}],"about":[{"href":"https:\/\/kleiderbuegel-shop.de\/en\/wp-json\/wp\/v2\/types\/product"}],"replies":[{"embeddable":true,"href":"https:\/\/kleiderbuegel-shop.de\/en\/wp-json\/wp\/v2\/comments?post=13235"}],"wp:featuredmedia":[{"embeddable":true,"href":"https:\/\/kleiderbuegel-shop.de\/en\/wp-json\/wp\/v2\/media\/12493"}],"wp:attachment":[{"href":"https:\/\/kleiderbuegel-shop.de\/en\/wp-json\/wp\/v2\/media?parent=13235"}],"wp:term":[{"taxonomy":"product_brand","embeddable":true,"href":"https:\/\/kleiderbuegel-shop.de\/en\/wp-json\/wp\/v2\/product_brand?post=13235"},{"taxonomy":"product_cat","embeddable":true,"href":"https:\/\/kleiderbuegel-shop.de\/en\/wp-json\/wp\/v2\/product_cat?post=13235"},{"taxonomy":"product_tag","embeddable":true,"href":"https:\/\/kleiderbuegel-shop.de\/en\/wp-json\/wp\/v2\/product_tag?post=13235"}],"curies":[{"name":"wp","href":"https:\/\/api.w.org\/{rel}","templated":true}]}}