{"id":13171,"date":"2021-01-06T10:15:34","date_gmt":"2021-01-06T09:15:34","guid":{"rendered":"https:\/\/kleiderbuegel-shop.de\/produkt\/weber-flat-hanger-exclusive-standard-2\/"},"modified":"2021-01-06T10:15:34","modified_gmt":"2021-01-06T09:15:34","slug":"weber-flat-hanger-exclusive-standard-2","status":"publish","type":"product","link":"https:\/\/kleiderbuegel-shop.de\/en\/p\/weber-flat-hanger-exclusive-standard-2\/","title":{"rendered":"Weber flat hanger \u00bbEXCLUSIVE\u00ab Standard"},"content":{"rendered":"<h2>Fabulously flat: &#8220;EXCLUSIVE FLAT&#8221;<\/h2>\n<p>Parting with great clothes is often difficult. But how to handle, when the wardrobe is overflowing again? If you hang uniform hangers in the wardrobe, you save a lot of space. You also have a great overview of the clothes.<\/p>\n<p>&nbsp;<\/p>\n\t\t<div data-elementor-type=\"section\" data-elementor-id=\"12745\" class=\"elementor elementor-12745 elementor-5522\" data-elementor-post-type=\"elementor_library\">\n\t\t\t\t\t<section class=\"wd-negative-gap elementor-section elementor-top-section elementor-element elementor-element-fac44e1 elementor-section-boxed elementor-section-height-default elementor-section-height-default\" data-id=\"fac44e1\" data-element_type=\"section\" data-e-type=\"section\">\n\t\t\t\t\t\t<div class=\"elementor-container elementor-column-gap-no\">\n\t\t\t\t\t<div class=\"elementor-column elementor-col-100 elementor-top-column elementor-element elementor-element-0a23dc1\" data-id=\"0a23dc1\" data-element_type=\"column\" data-e-type=\"column\">\n\t\t\t<div class=\"elementor-widget-wrap elementor-element-populated\">\n\t\t\t\t\t\t<div class=\"elementor-element elementor-element-0506cde elementor-widget elementor-widget-heading\" data-id=\"0506cde\" data-element_type=\"widget\" data-e-type=\"widget\" data-widget_type=\"heading.default\">\n\t\t\t\t<div class=\"elementor-widget-container\">\n\t\t\t\t\t<h3 class=\"elementor-heading-title elementor-size-default\">Clothes hangers \u201eFlat\u201c: maximize your closet space instantly<\/h3>\t\t\t\t<\/div>\n\t\t\t\t<\/div>\n\t\t\t\t<div class=\"elementor-element elementor-element-2bbf944 color-scheme-inherit text-left elementor-widget elementor-widget-text-editor\" data-id=\"2bbf944\" data-element_type=\"widget\" data-e-type=\"widget\" data-widget_type=\"text-editor.default\">\n\t\t\t\t<div class=\"elementor-widget-container\">\n\t\t\t\t\t\t\t\t\t<p>In the models of our &#8220;Flat&#8221; series, the name says it all: With a maximum hanger thickness of just 13 millimeters, it is extremely flat and space-saving. In this way, a particularly large number of clothes can fit in the wardrobe. Their ergonomicallly minted form of the hangers head keeps the collar of each garment in shape.<\/p>\n\t\t\t\t\t\t\t\t<\/div>\n\t\t\t\t<\/div>\n\t\t\t\t\t<\/div>\n\t\t<\/div>\n\t\t\t\t\t<\/div>\n\t\t<\/section>\n\t\t\t\t<\/div>\n\t\t\n<p>&nbsp;<\/p>\n\t\t<div data-elementor-type=\"section\" data-elementor-id=\"5537\" class=\"elementor elementor-5537\" data-elementor-post-type=\"elementor_library\">\n\t\t\t\t\t<section class=\"wd-negative-gap elementor-section elementor-top-section elementor-element elementor-element-6d0e1cd elementor-section-boxed elementor-section-height-default elementor-section-height-default\" data-id=\"6d0e1cd\" data-element_type=\"section\" data-e-type=\"section\">\n\t\t\t\t\t\t<div class=\"elementor-container elementor-column-gap-no\">\n\t\t\t\t\t<div class=\"elementor-column elementor-col-100 elementor-top-column elementor-element elementor-element-1a0b074\" data-id=\"1a0b074\" data-element_type=\"column\" data-e-type=\"column\">\n\t\t\t<div class=\"elementor-widget-wrap elementor-element-populated\">\n\t\t\t\t\t\t<div class=\"elementor-element elementor-element-6ff8fa3 elementor-widget elementor-widget-heading\" data-id=\"6ff8fa3\" data-element_type=\"widget\" data-e-type=\"widget\" data-widget_type=\"heading.default\">\n\t\t\t\t<div class=\"elementor-widget-container\">\n\t\t\t\t\t<h3 class=\"elementor-heading-title elementor-size-default\">Unsere Qualit\u00e4tslinie \u201eExclusive-Line\u201c: aus europ\u00e4ischer Herstellung und edlen H\u00f6lzern<\/h3>\t\t\t\t<\/div>\n\t\t\t\t<\/div>\n\t\t\t\t<div class=\"elementor-element elementor-element-2dace6b color-scheme-inherit text-left elementor-widget elementor-widget-text-editor\" data-id=\"2dace6b\" data-element_type=\"widget\" data-e-type=\"widget\" data-widget_type=\"text-editor.default\">\n\t\t\t\t<div class=\"elementor-widget-container\">\n\t\t\t\t\t\t\t\t\t<p>Du legst Wert auf sehr gute Verarbeitung, hohe Qualit\u00e4t und eine europ\u00e4ische Herstellung? F\u00fcr unsere \u201eExclusive\u201c-Ausf\u00fchrung verwenden wir ausschlie\u00dflich hochwertiges Vollholz aus nachhaltigem Anbau, das wir in Europa zu B\u00fcgeln verarbeiten. Auf diese Weise k\u00f6nnen wir garantieren, dass du sp\u00e4ter ein hochwertiges und besonders langlebiges Produkt in den H\u00e4nden h\u00e4ltst. Nach der Fertigung werden die Kleiderb\u00fcgel entweder mit einem naturfreundlichen Lack auf Wasserbasis lackiert, oder naturbelassen und lediglich roh geschliffen. Des Weiteren sind diese Modelle in verschiedenen Gr\u00f6\u00dfen und Ausstattungen erh\u00e4ltlich.<\/p>\t\t\t\t\t\t\t\t<\/div>\n\t\t\t\t<\/div>\n\t\t\t\t\t<\/div>\n\t\t<\/div>\n\t\t\t\t\t<\/div>\n\t\t<\/section>\n\t\t\t\t<\/div>\n\t\t\n<p>&nbsp;<\/p>\n<h3> Instructions for usage<\/h3>\n<ul>\n<li>Hang only dry <span class=\"a-text-bold\">garments<\/span> on wooden hangers.<\/li>\n<li>Do not use wooden hangers in rooms with <span class=\"a-text-bold\">high air temperatures<\/span> or <span class=\"a-text-bold\">high humidity<\/span>.<\/li>\n<\/ul>\n","protected":false},"excerpt":{"rendered":"<p>Flat clothes hanger made of beech wood (38 cm\/41 cm\/44 cm), clear varnished<\/p>\n","protected":false},"featured_media":12242,"comment_status":"open","ping_status":"closed","template":"","meta":{"_acf_changed":false},"product_brand":[],"product_cat":[464],"product_tag":[],"class_list":{"0":"post-13171","1":"product","2":"type-product","3":"status-publish","4":"has-post-thumbnail","6":"product_cat-clothes-hangers-flat","7":"pa_buegelhoehe-22-cm-en","8":"pa_buegelhoehe-23-cm-en","9":"pa_buegellaenge-38-cm-en","10":"pa_buegellaenge-41-cm-en","11":"pa_buegellaenge-44-cm-en","12":"pa_buegelstaerke-12-mm-en","13":"pa_farbe-clear-laquered","14":"pa_geeignet-fuer-shirts","15":"pa_geeignet-fuer-sweaters","16":"pa_geeignet-fuer-sweatshirts-en","17":"pa_geeignet-fuer-t-shirts-en","18":"pa_genre-for-men","19":"pa_genre-for-women","20":"pa_haken-360-rotable","21":"pa_haken-nickel-plated-hook","22":"pa_holzart-hangers-made-of-beech-wood","23":"pa_material-wood","25":"first","26":"instock","27":"taxable","28":"shipping-taxable","29":"purchasable","30":"product-type-variable","31":"has-default-attributes"},"acf":[],"yoast_head":"<!-- This site is optimized with the Yoast SEO plugin v27.3 - https:\/\/yoast.com\/product\/yoast-seo-wordpress\/ -->\n<title>Weber flat clothes hanger, beech wood \ud83c\udf33 Standard | clear varnished<\/title>\n<meta name=\"description\" content=\"Space saving clothes hangers made of beech wood, available in different sizes | fast delivery \u2713 30 days of return \u2713 \u20ac55+ free domestic delivery \u2713\" \/>\n<meta name=\"robots\" content=\"index, follow, max-snippet:-1, max-image-preview:large, max-video-preview:-1\" \/>\n<link rel=\"canonical\" href=\"https:\/\/kleiderbuegel-shop.de\/en\/p\/weber-flat-hanger-exclusive-standard-2\/\" \/>\n<meta property=\"og:locale\" content=\"en_US\" \/>\n<meta property=\"og:type\" content=\"article\" \/>\n<meta property=\"og:title\" content=\"Weber flat clothes hanger, beech wood \ud83c\udf33 Standard | clear varnished\" \/>\n<meta property=\"og:description\" content=\"Space saving clothes hangers made of beech wood, available in different sizes | fast delivery \u2713 30 days of return \u2713 \u20ac55+ free domestic delivery \u2713\" \/>\n<meta property=\"og:url\" content=\"https:\/\/kleiderbuegel-shop.de\/en\/p\/weber-flat-hanger-exclusive-standard-2\/\" \/>\n<meta property=\"og:site_name\" content=\"Weber Kleiderb\u00fcgel Shop\" \/>\n<meta property=\"og:image\" content=\"https:\/\/kleiderbuegel-shop.de\/wp-content\/uploads\/147-front-scaled.jpg\" \/>\n\t<meta property=\"og:image:width\" content=\"2560\" \/>\n\t<meta property=\"og:image:height\" content=\"2560\" \/>\n\t<meta property=\"og:image:type\" content=\"image\/jpeg\" \/>\n<meta name=\"twitter:card\" content=\"summary_large_image\" \/>\n<script type=\"application\/ld+json\" class=\"yoast-schema-graph\">{\"@context\":\"https:\\\/\\\/schema.org\",\"@graph\":[{\"@type\":\"WebPage\",\"@id\":\"https:\\\/\\\/kleiderbuegel-shop.de\\\/en\\\/p\\\/weber-flat-hanger-exclusive-standard-2\\\/\",\"url\":\"https:\\\/\\\/kleiderbuegel-shop.de\\\/en\\\/p\\\/weber-flat-hanger-exclusive-standard-2\\\/\",\"name\":\"Weber flat clothes hanger, beech wood \ud83c\udf33 Standard | clear varnished\",\"isPartOf\":{\"@id\":\"https:\\\/\\\/kleiderbuegel-shop.de\\\/en\\\/#website\"},\"primaryImageOfPage\":{\"@id\":\"https:\\\/\\\/kleiderbuegel-shop.de\\\/en\\\/p\\\/weber-flat-hanger-exclusive-standard-2\\\/#primaryimage\"},\"image\":{\"@id\":\"https:\\\/\\\/kleiderbuegel-shop.de\\\/en\\\/p\\\/weber-flat-hanger-exclusive-standard-2\\\/#primaryimage\"},\"thumbnailUrl\":\"https:\\\/\\\/kleiderbuegel-shop.de\\\/wp-content\\\/uploads\\\/147-front-scaled.jpg\",\"datePublished\":\"2021-01-06T09:15:34+00:00\",\"description\":\"Space saving clothes hangers made of beech wood, available in different sizes | fast delivery \u2713 30 days of return \u2713 \u20ac55+ free domestic delivery \u2713\",\"breadcrumb\":{\"@id\":\"https:\\\/\\\/kleiderbuegel-shop.de\\\/en\\\/p\\\/weber-flat-hanger-exclusive-standard-2\\\/#breadcrumb\"},\"inLanguage\":\"en-US\",\"potentialAction\":[{\"@type\":\"ReadAction\",\"target\":[\"https:\\\/\\\/kleiderbuegel-shop.de\\\/en\\\/p\\\/weber-flat-hanger-exclusive-standard-2\\\/\"]}]},{\"@type\":\"ImageObject\",\"inLanguage\":\"en-US\",\"@id\":\"https:\\\/\\\/kleiderbuegel-shop.de\\\/en\\\/p\\\/weber-flat-hanger-exclusive-standard-2\\\/#primaryimage\",\"url\":\"https:\\\/\\\/kleiderbuegel-shop.de\\\/wp-content\\\/uploads\\\/147-front-scaled.jpg\",\"contentUrl\":\"https:\\\/\\\/kleiderbuegel-shop.de\\\/wp-content\\\/uploads\\\/147-front-scaled.jpg\",\"width\":2560,\"height\":2560},{\"@type\":\"BreadcrumbList\",\"@id\":\"https:\\\/\\\/kleiderbuegel-shop.de\\\/en\\\/p\\\/weber-flat-hanger-exclusive-standard-2\\\/#breadcrumb\",\"itemListElement\":[{\"@type\":\"ListItem\",\"position\":1,\"name\":\"Startseite\",\"item\":\"https:\\\/\\\/kleiderbuegel-shop.de\\\/en\\\/home-2-2-3-2\\\/\"},{\"@type\":\"ListItem\",\"position\":2,\"name\":\"Shop\",\"item\":\"https:\\\/\\\/kleiderbuegel-shop.de\\\/en\\\/shop\\\/\"},{\"@type\":\"ListItem\",\"position\":3,\"name\":\"Weber flat hanger \u00bbEXCLUSIVE\u00ab Standard\"}]},{\"@type\":\"WebSite\",\"@id\":\"https:\\\/\\\/kleiderbuegel-shop.de\\\/en\\\/#website\",\"url\":\"https:\\\/\\\/kleiderbuegel-shop.de\\\/en\\\/\",\"name\":\"Weber Kleiderb\u00fcgel Shop\",\"description\":\"Individuell. Modern. Zeitlos.\",\"potentialAction\":[{\"@type\":\"SearchAction\",\"target\":{\"@type\":\"EntryPoint\",\"urlTemplate\":\"https:\\\/\\\/kleiderbuegel-shop.de\\\/en\\\/?s={search_term_string}\"},\"query-input\":{\"@type\":\"PropertyValueSpecification\",\"valueRequired\":true,\"valueName\":\"search_term_string\"}}],\"inLanguage\":\"en-US\"}]}<\/script>\n<!-- \/ Yoast SEO plugin. -->","yoast_head_json":{"title":"Weber flat clothes hanger, beech wood \ud83c\udf33 Standard | clear varnished","description":"Space saving clothes hangers made of beech wood, available in different sizes | fast delivery \u2713 30 days of return \u2713 \u20ac55+ free domestic delivery \u2713","robots":{"index":"index","follow":"follow","max-snippet":"max-snippet:-1","max-image-preview":"max-image-preview:large","max-video-preview":"max-video-preview:-1"},"canonical":"https:\/\/kleiderbuegel-shop.de\/en\/p\/weber-flat-hanger-exclusive-standard-2\/","og_locale":"en_US","og_type":"article","og_title":"Weber flat clothes hanger, beech wood \ud83c\udf33 Standard | clear varnished","og_description":"Space saving clothes hangers made of beech wood, available in different sizes | fast delivery \u2713 30 days of return \u2713 \u20ac55+ free domestic delivery \u2713","og_url":"https:\/\/kleiderbuegel-shop.de\/en\/p\/weber-flat-hanger-exclusive-standard-2\/","og_site_name":"Weber Kleiderb\u00fcgel Shop","og_image":[{"width":2560,"height":2560,"url":"https:\/\/kleiderbuegel-shop.de\/wp-content\/uploads\/147-front-scaled.jpg","type":"image\/jpeg"}],"twitter_card":"summary_large_image","schema":{"@context":"https:\/\/schema.org","@graph":[{"@type":"WebPage","@id":"https:\/\/kleiderbuegel-shop.de\/en\/p\/weber-flat-hanger-exclusive-standard-2\/","url":"https:\/\/kleiderbuegel-shop.de\/en\/p\/weber-flat-hanger-exclusive-standard-2\/","name":"Weber flat clothes hanger, beech wood \ud83c\udf33 Standard | clear varnished","isPartOf":{"@id":"https:\/\/kleiderbuegel-shop.de\/en\/#website"},"primaryImageOfPage":{"@id":"https:\/\/kleiderbuegel-shop.de\/en\/p\/weber-flat-hanger-exclusive-standard-2\/#primaryimage"},"image":{"@id":"https:\/\/kleiderbuegel-shop.de\/en\/p\/weber-flat-hanger-exclusive-standard-2\/#primaryimage"},"thumbnailUrl":"https:\/\/kleiderbuegel-shop.de\/wp-content\/uploads\/147-front-scaled.jpg","datePublished":"2021-01-06T09:15:34+00:00","description":"Space saving clothes hangers made of beech wood, available in different sizes | fast delivery \u2713 30 days of return \u2713 \u20ac55+ free domestic delivery \u2713","breadcrumb":{"@id":"https:\/\/kleiderbuegel-shop.de\/en\/p\/weber-flat-hanger-exclusive-standard-2\/#breadcrumb"},"inLanguage":"en-US","potentialAction":[{"@type":"ReadAction","target":["https:\/\/kleiderbuegel-shop.de\/en\/p\/weber-flat-hanger-exclusive-standard-2\/"]}]},{"@type":"ImageObject","inLanguage":"en-US","@id":"https:\/\/kleiderbuegel-shop.de\/en\/p\/weber-flat-hanger-exclusive-standard-2\/#primaryimage","url":"https:\/\/kleiderbuegel-shop.de\/wp-content\/uploads\/147-front-scaled.jpg","contentUrl":"https:\/\/kleiderbuegel-shop.de\/wp-content\/uploads\/147-front-scaled.jpg","width":2560,"height":2560},{"@type":"BreadcrumbList","@id":"https:\/\/kleiderbuegel-shop.de\/en\/p\/weber-flat-hanger-exclusive-standard-2\/#breadcrumb","itemListElement":[{"@type":"ListItem","position":1,"name":"Startseite","item":"https:\/\/kleiderbuegel-shop.de\/en\/home-2-2-3-2\/"},{"@type":"ListItem","position":2,"name":"Shop","item":"https:\/\/kleiderbuegel-shop.de\/en\/shop\/"},{"@type":"ListItem","position":3,"name":"Weber flat hanger \u00bbEXCLUSIVE\u00ab Standard"}]},{"@type":"WebSite","@id":"https:\/\/kleiderbuegel-shop.de\/en\/#website","url":"https:\/\/kleiderbuegel-shop.de\/en\/","name":"Weber Kleiderb\u00fcgel Shop","description":"Individuell. Modern. Zeitlos.","potentialAction":[{"@type":"SearchAction","target":{"@type":"EntryPoint","urlTemplate":"https:\/\/kleiderbuegel-shop.de\/en\/?s={search_term_string}"},"query-input":{"@type":"PropertyValueSpecification","valueRequired":true,"valueName":"search_term_string"}}],"inLanguage":"en-US"}]}},"tiered_pricing_type":"percentage","tiered_pricing_fixed_rules":{"20":"1.68","50":"1.6","100":"1.53","250":"1.47","500":"1.41"},"tiered_pricing_product_settings":{"layout":"default","base_unit_name":{"singular":null,"plural":null},"default_variation":null},"tiered_pricing_minimum_quantity":10,"tiered_pricing_roles_data":[],"tiered_pricing_percentage_rules":{"20":"9.77","50":"11.7","100":"13.67"},"tiered_pricing_maximum_quantity":null,"tiered_pricing_quantity_step":null,"_links":{"self":[{"href":"https:\/\/kleiderbuegel-shop.de\/en\/wp-json\/wp\/v2\/product\/13171","targetHints":{"allow":["GET"]}}],"collection":[{"href":"https:\/\/kleiderbuegel-shop.de\/en\/wp-json\/wp\/v2\/product"}],"about":[{"href":"https:\/\/kleiderbuegel-shop.de\/en\/wp-json\/wp\/v2\/types\/product"}],"replies":[{"embeddable":true,"href":"https:\/\/kleiderbuegel-shop.de\/en\/wp-json\/wp\/v2\/comments?post=13171"}],"wp:featuredmedia":[{"embeddable":true,"href":"https:\/\/kleiderbuegel-shop.de\/en\/wp-json\/wp\/v2\/media\/12242"}],"wp:attachment":[{"href":"https:\/\/kleiderbuegel-shop.de\/en\/wp-json\/wp\/v2\/media?parent=13171"}],"wp:term":[{"taxonomy":"product_brand","embeddable":true,"href":"https:\/\/kleiderbuegel-shop.de\/en\/wp-json\/wp\/v2\/product_brand?post=13171"},{"taxonomy":"product_cat","embeddable":true,"href":"https:\/\/kleiderbuegel-shop.de\/en\/wp-json\/wp\/v2\/product_cat?post=13171"},{"taxonomy":"product_tag","embeddable":true,"href":"https:\/\/kleiderbuegel-shop.de\/en\/wp-json\/wp\/v2\/product_tag?post=13171"}],"curies":[{"name":"wp","href":"https:\/\/api.w.org\/{rel}","templated":true}]}}