{"id":13026,"date":"2020-11-27T08:34:57","date_gmt":"2020-11-27T07:34:57","guid":{"rendered":"https:\/\/kleiderbuegel-shop.de\/produkt\/weber-shaped-hanger-basic-with-clip-bar\/"},"modified":"2024-11-16T00:57:16","modified_gmt":"2024-11-15T23:57:16","slug":"c-323-c","status":"publish","type":"product","link":"https:\/\/kleiderbuegel-shop.de\/en\/p\/c-323-c\/","title":{"rendered":"Weber shaped hanger \u00bbBASIC\u00ab with clip bar"},"content":{"rendered":"<h2>Combine outfits and gain plenty of space.<\/h2>\n<p>A quick grab for the hanger and the outfit is ready: When the weather is right and you want to wear one of your favorite skirts, the question of the appropriate top quickly arises. Pulling out a shirt from the wardrobe, laying it on the bed, placing the skirt underneath as a trial, and then putting the shirt back into the wardrobe can be quite time-consuming and create a big mess! And in the end, we often end up choosing the same combination anyway. This model makes it easy for you: One hanger is enough to combine multiple garments into a ready-to-wear outfit.<\/p>\n<p>&nbsp;<\/p>\n\t\t<div data-elementor-type=\"section\" data-elementor-id=\"5516\" class=\"elementor elementor-5516\" data-elementor-post-type=\"elementor_library\">\n\t\t\t\t\t<section class=\"wd-negative-gap elementor-section elementor-top-section elementor-element elementor-element-2502c1c elementor-section-boxed elementor-section-height-default elementor-section-height-default\" data-id=\"2502c1c\" data-element_type=\"section\" data-e-type=\"section\">\n\t\t\t\t\t\t<div class=\"elementor-container elementor-column-gap-no\">\n\t\t\t\t\t<div class=\"elementor-column elementor-col-100 elementor-top-column elementor-element elementor-element-5778c9b\" data-id=\"5778c9b\" data-element_type=\"column\" data-e-type=\"column\">\n\t\t\t<div class=\"elementor-widget-wrap elementor-element-populated\">\n\t\t\t\t\t\t<div class=\"elementor-element elementor-element-7ed9008 elementor-widget elementor-widget-heading\" data-id=\"7ed9008\" data-element_type=\"widget\" data-e-type=\"widget\" data-widget_type=\"heading.default\">\n\t\t\t\t<div class=\"elementor-widget-container\">\n\t\t\t\t\t<h3 class=\"elementor-heading-title elementor-size-default\">Formb\u00fcgel \u201eShape\u201c: bringen deine Kleidung einfach in Top-Form<\/h3>\t\t\t\t<\/div>\n\t\t\t\t<\/div>\n\t\t\t\t<div class=\"elementor-element elementor-element-6e58383 color-scheme-inherit text-left elementor-widget elementor-widget-text-editor\" data-id=\"6e58383\" data-element_type=\"widget\" data-e-type=\"widget\" data-widget_type=\"text-editor.default\">\n\t\t\t\t<div class=\"elementor-widget-container\">\n\t\t\t\t\t\t\t\t\t<p>Die Modelle unserer Serie \u201eShape\u201c bieten deinen Oberteilen deutlich mehr Komfort als herk\u00f6mmliche B\u00fcgel. Das liegt an der angewinkelten Anordnung der Schenkel, die meist zwischen 13 und 25 Grad betr\u00e4gt und auf diese Weise deine Schulterpartie nachahmen. Deshalb nennt man diese B\u00fcgel in Fachkreisen auch Formb\u00fcgel. Damit zudem der Kragen in Form bleibt, besitzen die B\u00fcgel der Serie \u201eShape\u201c auch einen ausgepr\u00e4gten Kopf.<\/p>\t\t\t\t\t\t\t\t<\/div>\n\t\t\t\t<\/div>\n\t\t\t\t\t<\/div>\n\t\t<\/div>\n\t\t\t\t\t<\/div>\n\t\t<\/section>\n\t\t\t\t<\/div>\n\t\t\n<p>&nbsp;<\/p>\n\t\t<div data-elementor-type=\"section\" data-elementor-id=\"5531\" class=\"elementor elementor-5531\" data-elementor-post-type=\"elementor_library\">\n\t\t\t\t\t<section class=\"wd-negative-gap elementor-section elementor-top-section elementor-element elementor-element-90e8939 elementor-section-boxed elementor-section-height-default elementor-section-height-default\" data-id=\"90e8939\" data-element_type=\"section\" data-e-type=\"section\">\n\t\t\t\t\t\t<div class=\"elementor-container elementor-column-gap-no\">\n\t\t\t\t\t<div class=\"elementor-column elementor-col-100 elementor-top-column elementor-element elementor-element-92f5598\" data-id=\"92f5598\" data-element_type=\"column\" data-e-type=\"column\">\n\t\t\t<div class=\"elementor-widget-wrap elementor-element-populated\">\n\t\t\t\t\t\t<div class=\"elementor-element elementor-element-87e5bf0 elementor-widget elementor-widget-heading\" data-id=\"87e5bf0\" data-element_type=\"widget\" data-e-type=\"widget\" data-widget_type=\"heading.default\">\n\t\t\t\t<div class=\"elementor-widget-container\">\n\t\t\t\t\t<h3 class=\"elementor-heading-title elementor-size-default\">Unsere Qualit\u00e4tslinie \u201eBasic-Line\u201c: die g\u00fcnstige Variante<\/h3>\t\t\t\t<\/div>\n\t\t\t\t<\/div>\n\t\t\t\t<div class=\"elementor-element elementor-element-7d603ed color-scheme-inherit text-left elementor-widget elementor-widget-text-editor\" data-id=\"7d603ed\" data-element_type=\"widget\" data-e-type=\"widget\" data-widget_type=\"text-editor.default\">\n\t\t\t\t<div class=\"elementor-widget-container\">\n\t\t\t\t\t\t\t\t\t<p>Wer neben Langlebigkeit und Belastbarkeit vor allem auf den Preis schaut, ist mit der \u201eBasic\u201c-Ausf\u00fchrung bestens beraten. Ausgangsmaterial ist dabei das extrem leichte und belastbare Lotusholz, das wir dann zum Schutz mit durchsichtigem, schwarzem oder wei\u00dfem Lack versehen. Wie alle B\u00fcgel in \u201eBasic\u201c-Ausf\u00fchrung lassen wir auch diesen in China herstellen \u2013 was ihn aber keineswegs zu einem Billig-Produkt macht. Stattdessen achten wir auf faire Produktionsbedingungen und hochwertige Ausgangsmaterialien, die daf\u00fcr sorgen, dass unsere Kunden lange Zeit Freude an unseren Kleiderb\u00fcgel haben.<\/p>\t\t\t\t\t\t\t\t<\/div>\n\t\t\t\t<\/div>\n\t\t\t\t\t<\/div>\n\t\t<\/div>\n\t\t\t\t\t<\/div>\n\t\t<\/section>\n\t\t\t\t<\/div>\n\t\t\n<p>&nbsp;<\/p>\n<h3>Instruction of usage<\/h3>\n<ul>\n<li>Hang only dry <span class=\"a-text-bold\">garments<\/span> on wooden hangers.<\/li>\n<li>Do not use wooden hangers in rooms with <span class=\"a-text-bold\">high air temperatures<\/span> or <span class=\"a-text-bold\">high humidity<\/span>.<\/li>\n<\/ul>\n","protected":false},"excerpt":{"rendered":"<p>Shaped clothes hanger made of light lotus wood with a metal clip bar (43 cm), clear varnished<\/p>\n","protected":false},"featured_media":12199,"comment_status":"open","ping_status":"closed","template":"","meta":{"_acf_changed":false},"product_brand":[],"product_cat":[465],"product_tag":[],"class_list":{"0":"post-13026","1":"product","2":"type-product","3":"status-publish","4":"has-post-thumbnail","6":"product_cat-clothes-hangers-shape","7":"pa_ausstattung-metal-clip-bar","8":"pa_buegelhoehe-28-cm-en","9":"pa_buegellaenge-43-cm-en","10":"pa_buegelstaerke-12-mm-en","11":"pa_farbe-clear-laquered","12":"pa_genre-for-men","13":"pa_genre-for-women","14":"pa_haken-360-rotable","15":"pa_haken-nickel-plated","16":"pa_holzart-lotus-wood","17":"pa_material-wood","19":"first","20":"instock","21":"taxable","22":"shipping-taxable","23":"purchasable","24":"product-type-simple"},"acf":[],"yoast_head":"<!-- This site is optimized with the Yoast SEO plugin v27.3 - https:\/\/yoast.com\/product\/yoast-seo-wordpress\/ -->\n<title>Clothes hangers lotus wood \ud83c\udf33 with clip bar, clear varnished<\/title>\n<meta name=\"description\" content=\"Clothes hangers made of lotus wood - affordable, lightweight, and sturdy | fast delivery \u2713 30 days of return \u2713 \u20ac55+ free domestic shipping \u2713\" \/>\n<meta name=\"robots\" content=\"index, follow, max-snippet:-1, max-image-preview:large, max-video-preview:-1\" \/>\n<link rel=\"canonical\" href=\"https:\/\/kleiderbuegel-shop.de\/en\/p\/c-323-c\/\" \/>\n<meta property=\"og:locale\" content=\"en_US\" \/>\n<meta property=\"og:type\" content=\"article\" \/>\n<meta property=\"og:title\" content=\"Clothes hangers lotus wood \ud83c\udf33 with clip bar, clear varnished\" \/>\n<meta property=\"og:description\" content=\"Clothes hangers made of lotus wood - affordable, lightweight, and sturdy | fast delivery \u2713 30 days of return \u2713 \u20ac55+ free domestic shipping \u2713\" \/>\n<meta property=\"og:url\" content=\"https:\/\/kleiderbuegel-shop.de\/en\/p\/c-323-c\/\" \/>\n<meta property=\"og:site_name\" content=\"Weber Kleiderb\u00fcgel Shop\" \/>\n<meta property=\"article:modified_time\" content=\"2024-11-15T23:57:16+00:00\" \/>\n<meta property=\"og:image\" content=\"https:\/\/kleiderbuegel-shop.de\/wp-content\/uploads\/c-329-c-front-scaled.jpg\" \/>\n\t<meta property=\"og:image:width\" content=\"2560\" \/>\n\t<meta property=\"og:image:height\" content=\"2560\" \/>\n\t<meta property=\"og:image:type\" content=\"image\/jpeg\" \/>\n<meta name=\"twitter:card\" content=\"summary_large_image\" \/>\n<meta name=\"twitter:label1\" content=\"Est. reading time\" \/>\n\t<meta name=\"twitter:data1\" content=\"1 minute\" \/>\n<script type=\"application\/ld+json\" class=\"yoast-schema-graph\">{\"@context\":\"https:\\\/\\\/schema.org\",\"@graph\":[{\"@type\":\"WebPage\",\"@id\":\"https:\\\/\\\/kleiderbuegel-shop.de\\\/en\\\/p\\\/c-323-c\\\/\",\"url\":\"https:\\\/\\\/kleiderbuegel-shop.de\\\/en\\\/p\\\/c-323-c\\\/\",\"name\":\"Clothes hangers lotus wood \ud83c\udf33 with clip bar, clear varnished\",\"isPartOf\":{\"@id\":\"https:\\\/\\\/kleiderbuegel-shop.de\\\/en\\\/#website\"},\"primaryImageOfPage\":{\"@id\":\"https:\\\/\\\/kleiderbuegel-shop.de\\\/en\\\/p\\\/c-323-c\\\/#primaryimage\"},\"image\":{\"@id\":\"https:\\\/\\\/kleiderbuegel-shop.de\\\/en\\\/p\\\/c-323-c\\\/#primaryimage\"},\"thumbnailUrl\":\"https:\\\/\\\/kleiderbuegel-shop.de\\\/wp-content\\\/uploads\\\/c-329-c-front-scaled.jpg\",\"datePublished\":\"2020-11-27T07:34:57+00:00\",\"dateModified\":\"2024-11-15T23:57:16+00:00\",\"description\":\"Clothes hangers made of lotus wood - affordable, lightweight, and sturdy | fast delivery \u2713 30 days of return \u2713 \u20ac55+ free domestic shipping \u2713\",\"breadcrumb\":{\"@id\":\"https:\\\/\\\/kleiderbuegel-shop.de\\\/en\\\/p\\\/c-323-c\\\/#breadcrumb\"},\"inLanguage\":\"en-US\",\"potentialAction\":[{\"@type\":\"ReadAction\",\"target\":[\"https:\\\/\\\/kleiderbuegel-shop.de\\\/en\\\/p\\\/c-323-c\\\/\"]}]},{\"@type\":\"ImageObject\",\"inLanguage\":\"en-US\",\"@id\":\"https:\\\/\\\/kleiderbuegel-shop.de\\\/en\\\/p\\\/c-323-c\\\/#primaryimage\",\"url\":\"https:\\\/\\\/kleiderbuegel-shop.de\\\/wp-content\\\/uploads\\\/c-329-c-front-scaled.jpg\",\"contentUrl\":\"https:\\\/\\\/kleiderbuegel-shop.de\\\/wp-content\\\/uploads\\\/c-329-c-front-scaled.jpg\",\"width\":2560,\"height\":2560},{\"@type\":\"BreadcrumbList\",\"@id\":\"https:\\\/\\\/kleiderbuegel-shop.de\\\/en\\\/p\\\/c-323-c\\\/#breadcrumb\",\"itemListElement\":[{\"@type\":\"ListItem\",\"position\":1,\"name\":\"Startseite\",\"item\":\"https:\\\/\\\/kleiderbuegel-shop.de\\\/en\\\/home-2-2-3-2\\\/\"},{\"@type\":\"ListItem\",\"position\":2,\"name\":\"Shop\",\"item\":\"https:\\\/\\\/kleiderbuegel-shop.de\\\/en\\\/shop\\\/\"},{\"@type\":\"ListItem\",\"position\":3,\"name\":\"Weber shaped hanger \u00bbBASIC\u00ab with clip bar\"}]},{\"@type\":\"WebSite\",\"@id\":\"https:\\\/\\\/kleiderbuegel-shop.de\\\/en\\\/#website\",\"url\":\"https:\\\/\\\/kleiderbuegel-shop.de\\\/en\\\/\",\"name\":\"Weber Kleiderb\u00fcgel Shop\",\"description\":\"Individuell. Modern. Zeitlos.\",\"potentialAction\":[{\"@type\":\"SearchAction\",\"target\":{\"@type\":\"EntryPoint\",\"urlTemplate\":\"https:\\\/\\\/kleiderbuegel-shop.de\\\/en\\\/?s={search_term_string}\"},\"query-input\":{\"@type\":\"PropertyValueSpecification\",\"valueRequired\":true,\"valueName\":\"search_term_string\"}}],\"inLanguage\":\"en-US\"}]}<\/script>\n<!-- \/ Yoast SEO plugin. -->","yoast_head_json":{"title":"Clothes hangers lotus wood \ud83c\udf33 with clip bar, clear varnished","description":"Clothes hangers made of lotus wood - affordable, lightweight, and sturdy | fast delivery \u2713 30 days of return \u2713 \u20ac55+ free domestic shipping \u2713","robots":{"index":"index","follow":"follow","max-snippet":"max-snippet:-1","max-image-preview":"max-image-preview:large","max-video-preview":"max-video-preview:-1"},"canonical":"https:\/\/kleiderbuegel-shop.de\/en\/p\/c-323-c\/","og_locale":"en_US","og_type":"article","og_title":"Clothes hangers lotus wood \ud83c\udf33 with clip bar, clear varnished","og_description":"Clothes hangers made of lotus wood - affordable, lightweight, and sturdy | fast delivery \u2713 30 days of return \u2713 \u20ac55+ free domestic shipping \u2713","og_url":"https:\/\/kleiderbuegel-shop.de\/en\/p\/c-323-c\/","og_site_name":"Weber Kleiderb\u00fcgel Shop","article_modified_time":"2024-11-15T23:57:16+00:00","og_image":[{"width":2560,"height":2560,"url":"https:\/\/kleiderbuegel-shop.de\/wp-content\/uploads\/c-329-c-front-scaled.jpg","type":"image\/jpeg"}],"twitter_card":"summary_large_image","twitter_misc":{"Est. reading time":"1 minute"},"schema":{"@context":"https:\/\/schema.org","@graph":[{"@type":"WebPage","@id":"https:\/\/kleiderbuegel-shop.de\/en\/p\/c-323-c\/","url":"https:\/\/kleiderbuegel-shop.de\/en\/p\/c-323-c\/","name":"Clothes hangers lotus wood \ud83c\udf33 with clip bar, clear varnished","isPartOf":{"@id":"https:\/\/kleiderbuegel-shop.de\/en\/#website"},"primaryImageOfPage":{"@id":"https:\/\/kleiderbuegel-shop.de\/en\/p\/c-323-c\/#primaryimage"},"image":{"@id":"https:\/\/kleiderbuegel-shop.de\/en\/p\/c-323-c\/#primaryimage"},"thumbnailUrl":"https:\/\/kleiderbuegel-shop.de\/wp-content\/uploads\/c-329-c-front-scaled.jpg","datePublished":"2020-11-27T07:34:57+00:00","dateModified":"2024-11-15T23:57:16+00:00","description":"Clothes hangers made of lotus wood - affordable, lightweight, and sturdy | fast delivery \u2713 30 days of return \u2713 \u20ac55+ free domestic shipping \u2713","breadcrumb":{"@id":"https:\/\/kleiderbuegel-shop.de\/en\/p\/c-323-c\/#breadcrumb"},"inLanguage":"en-US","potentialAction":[{"@type":"ReadAction","target":["https:\/\/kleiderbuegel-shop.de\/en\/p\/c-323-c\/"]}]},{"@type":"ImageObject","inLanguage":"en-US","@id":"https:\/\/kleiderbuegel-shop.de\/en\/p\/c-323-c\/#primaryimage","url":"https:\/\/kleiderbuegel-shop.de\/wp-content\/uploads\/c-329-c-front-scaled.jpg","contentUrl":"https:\/\/kleiderbuegel-shop.de\/wp-content\/uploads\/c-329-c-front-scaled.jpg","width":2560,"height":2560},{"@type":"BreadcrumbList","@id":"https:\/\/kleiderbuegel-shop.de\/en\/p\/c-323-c\/#breadcrumb","itemListElement":[{"@type":"ListItem","position":1,"name":"Startseite","item":"https:\/\/kleiderbuegel-shop.de\/en\/home-2-2-3-2\/"},{"@type":"ListItem","position":2,"name":"Shop","item":"https:\/\/kleiderbuegel-shop.de\/en\/shop\/"},{"@type":"ListItem","position":3,"name":"Weber shaped hanger \u00bbBASIC\u00ab with clip bar"}]},{"@type":"WebSite","@id":"https:\/\/kleiderbuegel-shop.de\/en\/#website","url":"https:\/\/kleiderbuegel-shop.de\/en\/","name":"Weber Kleiderb\u00fcgel Shop","description":"Individuell. Modern. Zeitlos.","potentialAction":[{"@type":"SearchAction","target":{"@type":"EntryPoint","urlTemplate":"https:\/\/kleiderbuegel-shop.de\/en\/?s={search_term_string}"},"query-input":{"@type":"PropertyValueSpecification","valueRequired":true,"valueName":"search_term_string"}}],"inLanguage":"en-US"}]}},"tiered_pricing_type":"percentage","tiered_pricing_fixed_rules":[],"tiered_pricing_product_settings":{"layout":"default","base_unit_name":{"singular":null,"plural":null},"default_variation":null},"tiered_pricing_minimum_quantity":10,"tiered_pricing_roles_data":[],"tiered_pricing_percentage_rules":{"20":"11.52","50":"13.8","100":"16.13"},"tiered_pricing_maximum_quantity":null,"tiered_pricing_quantity_step":null,"_links":{"self":[{"href":"https:\/\/kleiderbuegel-shop.de\/en\/wp-json\/wp\/v2\/product\/13026","targetHints":{"allow":["GET"]}}],"collection":[{"href":"https:\/\/kleiderbuegel-shop.de\/en\/wp-json\/wp\/v2\/product"}],"about":[{"href":"https:\/\/kleiderbuegel-shop.de\/en\/wp-json\/wp\/v2\/types\/product"}],"replies":[{"embeddable":true,"href":"https:\/\/kleiderbuegel-shop.de\/en\/wp-json\/wp\/v2\/comments?post=13026"}],"wp:featuredmedia":[{"embeddable":true,"href":"https:\/\/kleiderbuegel-shop.de\/en\/wp-json\/wp\/v2\/media\/12199"}],"wp:attachment":[{"href":"https:\/\/kleiderbuegel-shop.de\/en\/wp-json\/wp\/v2\/media?parent=13026"}],"wp:term":[{"taxonomy":"product_brand","embeddable":true,"href":"https:\/\/kleiderbuegel-shop.de\/en\/wp-json\/wp\/v2\/product_brand?post=13026"},{"taxonomy":"product_cat","embeddable":true,"href":"https:\/\/kleiderbuegel-shop.de\/en\/wp-json\/wp\/v2\/product_cat?post=13026"},{"taxonomy":"product_tag","embeddable":true,"href":"https:\/\/kleiderbuegel-shop.de\/en\/wp-json\/wp\/v2\/product_tag?post=13026"}],"curies":[{"name":"wp","href":"https:\/\/api.w.org\/{rel}","templated":true}]}}