{"id":12918,"date":"2021-10-06T08:19:34","date_gmt":"2021-10-06T06:19:34","guid":{"rendered":"https:\/\/kleiderbuegel-shop.de\/produkt\/weber-shaped-hanger-exclusive-with-5-cm-wide-shoulder\/"},"modified":"2025-12-21T20:05:47","modified_gmt":"2025-12-21T19:05:47","slug":"weber-shaped-hanger-exclusive-with-5-cm-wide-shoulder","status":"publish","type":"product","link":"https:\/\/kleiderbuegel-shop.de\/en\/p\/weber-shaped-hanger-exclusive-with-5-cm-wide-shoulder\/","title":{"rendered":"Weber shaped hanger \u00bbEXCLUSIVE\u00ab with 5 cm wide shoulder"},"content":{"rendered":"<h2>Well fitted hanger for jackets and coats<\/h2>\n<p>A sturdy wooden hanger for your coat rack and wardrobe that can withstand even heavy jackets and coats. The hanger has a thickness of 16 mm in the upper part, gradually widening to 5 cm towards the shoulders. So the jackets, blazers and coats can hang properly.<\/p>\n\t\t<div data-elementor-type=\"section\" data-elementor-id=\"5516\" class=\"elementor elementor-5516\" data-elementor-post-type=\"elementor_library\">\n\t\t\t\t\t<section class=\"wd-negative-gap elementor-section elementor-top-section elementor-element elementor-element-2502c1c elementor-section-boxed elementor-section-height-default elementor-section-height-default\" data-id=\"2502c1c\" data-element_type=\"section\" data-e-type=\"section\">\n\t\t\t\t\t\t<div class=\"elementor-container elementor-column-gap-no\">\n\t\t\t\t\t<div class=\"elementor-column elementor-col-100 elementor-top-column elementor-element elementor-element-5778c9b\" data-id=\"5778c9b\" data-element_type=\"column\" data-e-type=\"column\">\n\t\t\t<div class=\"elementor-widget-wrap elementor-element-populated\">\n\t\t\t\t\t\t<div class=\"elementor-element elementor-element-7ed9008 elementor-widget elementor-widget-heading\" data-id=\"7ed9008\" data-element_type=\"widget\" data-e-type=\"widget\" data-widget_type=\"heading.default\">\n\t\t\t\t<div class=\"elementor-widget-container\">\n\t\t\t\t\t<h3 class=\"elementor-heading-title elementor-size-default\">Formb\u00fcgel \u201eShape\u201c: bringen deine Kleidung einfach in Top-Form<\/h3>\t\t\t\t<\/div>\n\t\t\t\t<\/div>\n\t\t\t\t<div class=\"elementor-element elementor-element-6e58383 color-scheme-inherit text-left elementor-widget elementor-widget-text-editor\" data-id=\"6e58383\" data-element_type=\"widget\" data-e-type=\"widget\" data-widget_type=\"text-editor.default\">\n\t\t\t\t<div class=\"elementor-widget-container\">\n\t\t\t\t\t\t\t\t\t<p>Die Modelle unserer Serie \u201eShape\u201c bieten deinen Oberteilen deutlich mehr Komfort als herk\u00f6mmliche B\u00fcgel. Das liegt an der angewinkelten Anordnung der Schenkel, die meist zwischen 13 und 25 Grad betr\u00e4gt und auf diese Weise deine Schulterpartie nachahmen. Deshalb nennt man diese B\u00fcgel in Fachkreisen auch Formb\u00fcgel. Damit zudem der Kragen in Form bleibt, besitzen die B\u00fcgel der Serie \u201eShape\u201c auch einen ausgepr\u00e4gten Kopf.<\/p>\t\t\t\t\t\t\t\t<\/div>\n\t\t\t\t<\/div>\n\t\t\t\t\t<\/div>\n\t\t<\/div>\n\t\t\t\t\t<\/div>\n\t\t<\/section>\n\t\t\t\t<\/div>\n\t\t\n\t\t<div data-elementor-type=\"section\" data-elementor-id=\"5537\" class=\"elementor elementor-5537\" data-elementor-post-type=\"elementor_library\">\n\t\t\t\t\t<section class=\"wd-negative-gap elementor-section elementor-top-section elementor-element elementor-element-6d0e1cd elementor-section-boxed elementor-section-height-default elementor-section-height-default\" data-id=\"6d0e1cd\" data-element_type=\"section\" data-e-type=\"section\">\n\t\t\t\t\t\t<div class=\"elementor-container elementor-column-gap-no\">\n\t\t\t\t\t<div class=\"elementor-column elementor-col-100 elementor-top-column elementor-element elementor-element-1a0b074\" data-id=\"1a0b074\" data-element_type=\"column\" data-e-type=\"column\">\n\t\t\t<div class=\"elementor-widget-wrap elementor-element-populated\">\n\t\t\t\t\t\t<div class=\"elementor-element elementor-element-6ff8fa3 elementor-widget elementor-widget-heading\" data-id=\"6ff8fa3\" data-element_type=\"widget\" data-e-type=\"widget\" data-widget_type=\"heading.default\">\n\t\t\t\t<div class=\"elementor-widget-container\">\n\t\t\t\t\t<h3 class=\"elementor-heading-title elementor-size-default\">Unsere Qualit\u00e4tslinie \u201eExclusive-Line\u201c: aus europ\u00e4ischer Herstellung und edlen H\u00f6lzern<\/h3>\t\t\t\t<\/div>\n\t\t\t\t<\/div>\n\t\t\t\t<div class=\"elementor-element elementor-element-2dace6b color-scheme-inherit text-left elementor-widget elementor-widget-text-editor\" data-id=\"2dace6b\" data-element_type=\"widget\" data-e-type=\"widget\" data-widget_type=\"text-editor.default\">\n\t\t\t\t<div class=\"elementor-widget-container\">\n\t\t\t\t\t\t\t\t\t<p>Du legst Wert auf sehr gute Verarbeitung, hohe Qualit\u00e4t und eine europ\u00e4ische Herstellung? F\u00fcr unsere \u201eExclusive\u201c-Ausf\u00fchrung verwenden wir ausschlie\u00dflich hochwertiges Vollholz aus nachhaltigem Anbau, das wir in Europa zu B\u00fcgeln verarbeiten. Auf diese Weise k\u00f6nnen wir garantieren, dass du sp\u00e4ter ein hochwertiges und besonders langlebiges Produkt in den H\u00e4nden h\u00e4ltst. Nach der Fertigung werden die Kleiderb\u00fcgel entweder mit einem naturfreundlichen Lack auf Wasserbasis lackiert, oder naturbelassen und lediglich roh geschliffen. Des Weiteren sind diese Modelle in verschiedenen Gr\u00f6\u00dfen und Ausstattungen erh\u00e4ltlich.<\/p>\t\t\t\t\t\t\t\t<\/div>\n\t\t\t\t<\/div>\n\t\t\t\t\t<\/div>\n\t\t<\/div>\n\t\t\t\t\t<\/div>\n\t\t<\/section>\n\t\t\t\t<\/div>\n\t\t\n<h3>Instruction of usage<\/h3>\n<ul>\n<li>Only hang dry clothes on hangers made of wood!<\/li>\n<li>Don&#8217;t use wooden hangers in rooms with high temperatures or high humidity levels.<\/li>\n<\/ul>\n","protected":false},"excerpt":{"rendered":"<p>Shaped hanger made of beech wood (44 cm) with 5 cm wide shoulder parties, clear varnished<\/p>\n","protected":false},"featured_media":12283,"comment_status":"open","ping_status":"closed","template":"","meta":{"_acf_changed":false},"product_brand":[],"product_cat":[465],"product_tag":[],"class_list":{"0":"post-12918","1":"product","2":"type-product","3":"status-publish","4":"has-post-thumbnail","6":"product_cat-clothes-hangers-shape","7":"pa_buegelhoehe-24-cm-en","8":"pa_buegelhoehe-25-cm-en-2","9":"pa_buegellaenge-44-cm-en","10":"pa_buegelstaerke-16-mm-en","11":"pa_farbe-clear-laquered","12":"pa_geeignet-fuer-coats","13":"pa_geeignet-fuer-jackets-en","14":"pa_genre-for-men","15":"pa_genre-for-women","16":"pa_haken-360-rotable","17":"pa_haken-nickel-plated","18":"pa_holzart-hangers-made-of-beech-wood","19":"pa_material-wood","20":"pa_schulterverbreiterung-50mm-en","22":"first","23":"instock","24":"taxable","25":"shipping-taxable","26":"purchasable","27":"product-type-simple"},"acf":[],"yoast_head":"<!-- This site is optimized with the Yoast SEO plugin v27.3 - https:\/\/yoast.com\/product\/yoast-seo-wordpress\/ -->\n<title>Clothes hanger beech wood \ud83c\udf33 with 5 cm wide shoulder parties | clear varnished<\/title>\n<meta name=\"description\" content=\"You need a sturdy hanger for heavy jackets and coats. ideal if it also has shoulder broadening.\" \/>\n<meta name=\"robots\" content=\"index, follow, max-snippet:-1, max-image-preview:large, max-video-preview:-1\" \/>\n<link rel=\"canonical\" href=\"https:\/\/kleiderbuegel-shop.de\/en\/p\/weber-shaped-hanger-exclusive-with-5-cm-wide-shoulder\/\" \/>\n<meta property=\"og:locale\" content=\"en_US\" \/>\n<meta property=\"og:type\" content=\"article\" \/>\n<meta property=\"og:title\" content=\"Clothes hanger beech wood \ud83c\udf33 with 5 cm wide shoulder parties | clear varnished\" \/>\n<meta property=\"og:description\" content=\"You need a sturdy hanger for heavy jackets and coats. ideal if it also has shoulder broadening.\" \/>\n<meta property=\"og:url\" content=\"https:\/\/kleiderbuegel-shop.de\/en\/p\/weber-shaped-hanger-exclusive-with-5-cm-wide-shoulder\/\" \/>\n<meta property=\"og:site_name\" content=\"Weber Kleiderb\u00fcgel Shop\" \/>\n<meta property=\"article:modified_time\" content=\"2025-12-21T19:05:47+00:00\" \/>\n<meta property=\"og:image\" content=\"https:\/\/kleiderbuegel-shop.de\/wp-content\/uploads\/245-front-scaled.jpg\" \/>\n\t<meta property=\"og:image:width\" content=\"2560\" \/>\n\t<meta property=\"og:image:height\" content=\"2560\" \/>\n\t<meta property=\"og:image:type\" content=\"image\/jpeg\" \/>\n<meta name=\"twitter:card\" content=\"summary_large_image\" \/>\n<script type=\"application\/ld+json\" class=\"yoast-schema-graph\">{\"@context\":\"https:\\\/\\\/schema.org\",\"@graph\":[{\"@type\":\"WebPage\",\"@id\":\"https:\\\/\\\/kleiderbuegel-shop.de\\\/en\\\/p\\\/weber-shaped-hanger-exclusive-with-5-cm-wide-shoulder\\\/\",\"url\":\"https:\\\/\\\/kleiderbuegel-shop.de\\\/en\\\/p\\\/weber-shaped-hanger-exclusive-with-5-cm-wide-shoulder\\\/\",\"name\":\"Clothes hanger beech wood \ud83c\udf33 with 5 cm wide shoulder parties | clear varnished\",\"isPartOf\":{\"@id\":\"https:\\\/\\\/kleiderbuegel-shop.de\\\/en\\\/#website\"},\"primaryImageOfPage\":{\"@id\":\"https:\\\/\\\/kleiderbuegel-shop.de\\\/en\\\/p\\\/weber-shaped-hanger-exclusive-with-5-cm-wide-shoulder\\\/#primaryimage\"},\"image\":{\"@id\":\"https:\\\/\\\/kleiderbuegel-shop.de\\\/en\\\/p\\\/weber-shaped-hanger-exclusive-with-5-cm-wide-shoulder\\\/#primaryimage\"},\"thumbnailUrl\":\"https:\\\/\\\/kleiderbuegel-shop.de\\\/wp-content\\\/uploads\\\/245-front-scaled.jpg\",\"datePublished\":\"2021-10-06T06:19:34+00:00\",\"dateModified\":\"2025-12-21T19:05:47+00:00\",\"description\":\"You need a sturdy hanger for heavy jackets and coats. ideal if it also has shoulder broadening.\",\"breadcrumb\":{\"@id\":\"https:\\\/\\\/kleiderbuegel-shop.de\\\/en\\\/p\\\/weber-shaped-hanger-exclusive-with-5-cm-wide-shoulder\\\/#breadcrumb\"},\"inLanguage\":\"en-US\",\"potentialAction\":[{\"@type\":\"ReadAction\",\"target\":[\"https:\\\/\\\/kleiderbuegel-shop.de\\\/en\\\/p\\\/weber-shaped-hanger-exclusive-with-5-cm-wide-shoulder\\\/\"]}]},{\"@type\":\"ImageObject\",\"inLanguage\":\"en-US\",\"@id\":\"https:\\\/\\\/kleiderbuegel-shop.de\\\/en\\\/p\\\/weber-shaped-hanger-exclusive-with-5-cm-wide-shoulder\\\/#primaryimage\",\"url\":\"https:\\\/\\\/kleiderbuegel-shop.de\\\/wp-content\\\/uploads\\\/245-front-scaled.jpg\",\"contentUrl\":\"https:\\\/\\\/kleiderbuegel-shop.de\\\/wp-content\\\/uploads\\\/245-front-scaled.jpg\",\"width\":2560,\"height\":2560},{\"@type\":\"BreadcrumbList\",\"@id\":\"https:\\\/\\\/kleiderbuegel-shop.de\\\/en\\\/p\\\/weber-shaped-hanger-exclusive-with-5-cm-wide-shoulder\\\/#breadcrumb\",\"itemListElement\":[{\"@type\":\"ListItem\",\"position\":1,\"name\":\"Startseite\",\"item\":\"https:\\\/\\\/kleiderbuegel-shop.de\\\/en\\\/home-2-2-3-2\\\/\"},{\"@type\":\"ListItem\",\"position\":2,\"name\":\"Shop\",\"item\":\"https:\\\/\\\/kleiderbuegel-shop.de\\\/en\\\/shop\\\/\"},{\"@type\":\"ListItem\",\"position\":3,\"name\":\"Weber shaped hanger \u00bbEXCLUSIVE\u00ab with 5 cm wide shoulder\"}]},{\"@type\":\"WebSite\",\"@id\":\"https:\\\/\\\/kleiderbuegel-shop.de\\\/en\\\/#website\",\"url\":\"https:\\\/\\\/kleiderbuegel-shop.de\\\/en\\\/\",\"name\":\"Weber Kleiderb\u00fcgel Shop\",\"description\":\"Individuell. Modern. Zeitlos.\",\"potentialAction\":[{\"@type\":\"SearchAction\",\"target\":{\"@type\":\"EntryPoint\",\"urlTemplate\":\"https:\\\/\\\/kleiderbuegel-shop.de\\\/en\\\/?s={search_term_string}\"},\"query-input\":{\"@type\":\"PropertyValueSpecification\",\"valueRequired\":true,\"valueName\":\"search_term_string\"}}],\"inLanguage\":\"en-US\"}]}<\/script>\n<!-- \/ Yoast SEO plugin. -->","yoast_head_json":{"title":"Clothes hanger beech wood \ud83c\udf33 with 5 cm wide shoulder parties | clear varnished","description":"You need a sturdy hanger for heavy jackets and coats. ideal if it also has shoulder broadening.","robots":{"index":"index","follow":"follow","max-snippet":"max-snippet:-1","max-image-preview":"max-image-preview:large","max-video-preview":"max-video-preview:-1"},"canonical":"https:\/\/kleiderbuegel-shop.de\/en\/p\/weber-shaped-hanger-exclusive-with-5-cm-wide-shoulder\/","og_locale":"en_US","og_type":"article","og_title":"Clothes hanger beech wood \ud83c\udf33 with 5 cm wide shoulder parties | clear varnished","og_description":"You need a sturdy hanger for heavy jackets and coats. ideal if it also has shoulder broadening.","og_url":"https:\/\/kleiderbuegel-shop.de\/en\/p\/weber-shaped-hanger-exclusive-with-5-cm-wide-shoulder\/","og_site_name":"Weber Kleiderb\u00fcgel Shop","article_modified_time":"2025-12-21T19:05:47+00:00","og_image":[{"width":2560,"height":2560,"url":"https:\/\/kleiderbuegel-shop.de\/wp-content\/uploads\/245-front-scaled.jpg","type":"image\/jpeg"}],"twitter_card":"summary_large_image","schema":{"@context":"https:\/\/schema.org","@graph":[{"@type":"WebPage","@id":"https:\/\/kleiderbuegel-shop.de\/en\/p\/weber-shaped-hanger-exclusive-with-5-cm-wide-shoulder\/","url":"https:\/\/kleiderbuegel-shop.de\/en\/p\/weber-shaped-hanger-exclusive-with-5-cm-wide-shoulder\/","name":"Clothes hanger beech wood \ud83c\udf33 with 5 cm wide shoulder parties | clear varnished","isPartOf":{"@id":"https:\/\/kleiderbuegel-shop.de\/en\/#website"},"primaryImageOfPage":{"@id":"https:\/\/kleiderbuegel-shop.de\/en\/p\/weber-shaped-hanger-exclusive-with-5-cm-wide-shoulder\/#primaryimage"},"image":{"@id":"https:\/\/kleiderbuegel-shop.de\/en\/p\/weber-shaped-hanger-exclusive-with-5-cm-wide-shoulder\/#primaryimage"},"thumbnailUrl":"https:\/\/kleiderbuegel-shop.de\/wp-content\/uploads\/245-front-scaled.jpg","datePublished":"2021-10-06T06:19:34+00:00","dateModified":"2025-12-21T19:05:47+00:00","description":"You need a sturdy hanger for heavy jackets and coats. ideal if it also has shoulder broadening.","breadcrumb":{"@id":"https:\/\/kleiderbuegel-shop.de\/en\/p\/weber-shaped-hanger-exclusive-with-5-cm-wide-shoulder\/#breadcrumb"},"inLanguage":"en-US","potentialAction":[{"@type":"ReadAction","target":["https:\/\/kleiderbuegel-shop.de\/en\/p\/weber-shaped-hanger-exclusive-with-5-cm-wide-shoulder\/"]}]},{"@type":"ImageObject","inLanguage":"en-US","@id":"https:\/\/kleiderbuegel-shop.de\/en\/p\/weber-shaped-hanger-exclusive-with-5-cm-wide-shoulder\/#primaryimage","url":"https:\/\/kleiderbuegel-shop.de\/wp-content\/uploads\/245-front-scaled.jpg","contentUrl":"https:\/\/kleiderbuegel-shop.de\/wp-content\/uploads\/245-front-scaled.jpg","width":2560,"height":2560},{"@type":"BreadcrumbList","@id":"https:\/\/kleiderbuegel-shop.de\/en\/p\/weber-shaped-hanger-exclusive-with-5-cm-wide-shoulder\/#breadcrumb","itemListElement":[{"@type":"ListItem","position":1,"name":"Startseite","item":"https:\/\/kleiderbuegel-shop.de\/en\/home-2-2-3-2\/"},{"@type":"ListItem","position":2,"name":"Shop","item":"https:\/\/kleiderbuegel-shop.de\/en\/shop\/"},{"@type":"ListItem","position":3,"name":"Weber shaped hanger \u00bbEXCLUSIVE\u00ab with 5 cm wide shoulder"}]},{"@type":"WebSite","@id":"https:\/\/kleiderbuegel-shop.de\/en\/#website","url":"https:\/\/kleiderbuegel-shop.de\/en\/","name":"Weber Kleiderb\u00fcgel Shop","description":"Individuell. Modern. Zeitlos.","potentialAction":[{"@type":"SearchAction","target":{"@type":"EntryPoint","urlTemplate":"https:\/\/kleiderbuegel-shop.de\/en\/?s={search_term_string}"},"query-input":{"@type":"PropertyValueSpecification","valueRequired":true,"valueName":"search_term_string"}}],"inLanguage":"en-US"}]}},"tiered_pricing_type":"percentage","tiered_pricing_fixed_rules":[],"tiered_pricing_product_settings":{"layout":"default","base_unit_name":{"singular":null,"plural":null},"default_variation":null},"tiered_pricing_minimum_quantity":5,"tiered_pricing_roles_data":[],"tiered_pricing_percentage_rules":{"10":"6.42","25":"9.99","50":"10.7","100":"11.41"},"tiered_pricing_maximum_quantity":null,"tiered_pricing_quantity_step":null,"_links":{"self":[{"href":"https:\/\/kleiderbuegel-shop.de\/en\/wp-json\/wp\/v2\/product\/12918","targetHints":{"allow":["GET"]}}],"collection":[{"href":"https:\/\/kleiderbuegel-shop.de\/en\/wp-json\/wp\/v2\/product"}],"about":[{"href":"https:\/\/kleiderbuegel-shop.de\/en\/wp-json\/wp\/v2\/types\/product"}],"replies":[{"embeddable":true,"href":"https:\/\/kleiderbuegel-shop.de\/en\/wp-json\/wp\/v2\/comments?post=12918"}],"wp:featuredmedia":[{"embeddable":true,"href":"https:\/\/kleiderbuegel-shop.de\/en\/wp-json\/wp\/v2\/media\/12283"}],"wp:attachment":[{"href":"https:\/\/kleiderbuegel-shop.de\/en\/wp-json\/wp\/v2\/media?parent=12918"}],"wp:term":[{"taxonomy":"product_brand","embeddable":true,"href":"https:\/\/kleiderbuegel-shop.de\/en\/wp-json\/wp\/v2\/product_brand?post=12918"},{"taxonomy":"product_cat","embeddable":true,"href":"https:\/\/kleiderbuegel-shop.de\/en\/wp-json\/wp\/v2\/product_cat?post=12918"},{"taxonomy":"product_tag","embeddable":true,"href":"https:\/\/kleiderbuegel-shop.de\/en\/wp-json\/wp\/v2\/product_tag?post=12918"}],"curies":[{"name":"wp","href":"https:\/\/api.w.org\/{rel}","templated":true}]}}