{"id":12900,"date":"2022-07-11T08:12:45","date_gmt":"2022-07-11T06:12:45","guid":{"rendered":"https:\/\/kleiderbuegel-shop.de\/produkt\/weber-shaped-hanger-basic-with-notches\/"},"modified":"2023-07-27T11:01:46","modified_gmt":"2023-07-27T09:01:46","slug":"weber-shaped-hanger-basic-with-notches","status":"publish","type":"product","link":"https:\/\/kleiderbuegel-shop.de\/en\/p\/weber-shaped-hanger-basic-with-notches\/","title":{"rendered":"Weber shaped hanger \u00bbBASIC\u00ab with notches"},"content":{"rendered":"<h2>Quickly store tops and skirts with affordable hangers.<\/h2>\n<p>Store your tops or clothing with skirt loops on a hanger &#8211; this way, you&#8217;ll not only have a good overview of your items, but you&#8217;ll also have the matching garment conveniently at hand.<\/p>\n<p>&nbsp;<\/p>\n\t\t<div data-elementor-type=\"section\" data-elementor-id=\"5531\" class=\"elementor elementor-5531\" data-elementor-post-type=\"elementor_library\">\n\t\t\t\t\t<section class=\"wd-negative-gap elementor-section elementor-top-section elementor-element elementor-element-90e8939 elementor-section-boxed elementor-section-height-default elementor-section-height-default\" data-id=\"90e8939\" data-element_type=\"section\" data-e-type=\"section\">\n\t\t\t\t\t\t<div class=\"elementor-container elementor-column-gap-no\">\n\t\t\t\t\t<div class=\"elementor-column elementor-col-100 elementor-top-column elementor-element elementor-element-92f5598\" data-id=\"92f5598\" data-element_type=\"column\" data-e-type=\"column\">\n\t\t\t<div class=\"elementor-widget-wrap elementor-element-populated\">\n\t\t\t\t\t\t<div class=\"elementor-element elementor-element-87e5bf0 elementor-widget elementor-widget-heading\" data-id=\"87e5bf0\" data-element_type=\"widget\" data-e-type=\"widget\" data-widget_type=\"heading.default\">\n\t\t\t\t<div class=\"elementor-widget-container\">\n\t\t\t\t\t<h3 class=\"elementor-heading-title elementor-size-default\">Unsere Qualit\u00e4tslinie \u201eBasic-Line\u201c: die g\u00fcnstige Variante<\/h3>\t\t\t\t<\/div>\n\t\t\t\t<\/div>\n\t\t\t\t<div class=\"elementor-element elementor-element-7d603ed color-scheme-inherit text-left elementor-widget elementor-widget-text-editor\" data-id=\"7d603ed\" data-element_type=\"widget\" data-e-type=\"widget\" data-widget_type=\"text-editor.default\">\n\t\t\t\t<div class=\"elementor-widget-container\">\n\t\t\t\t\t\t\t\t\t<p>Wer neben Langlebigkeit und Belastbarkeit vor allem auf den Preis schaut, ist mit der \u201eBasic\u201c-Ausf\u00fchrung bestens beraten. Ausgangsmaterial ist dabei das extrem leichte und belastbare Lotusholz, das wir dann zum Schutz mit durchsichtigem, schwarzem oder wei\u00dfem Lack versehen. Wie alle B\u00fcgel in \u201eBasic\u201c-Ausf\u00fchrung lassen wir auch diesen in China herstellen \u2013 was ihn aber keineswegs zu einem Billig-Produkt macht. Stattdessen achten wir auf faire Produktionsbedingungen und hochwertige Ausgangsmaterialien, die daf\u00fcr sorgen, dass unsere Kunden lange Zeit Freude an unseren Kleiderb\u00fcgel haben.<\/p>\t\t\t\t\t\t\t\t<\/div>\n\t\t\t\t<\/div>\n\t\t\t\t\t<\/div>\n\t\t<\/div>\n\t\t\t\t\t<\/div>\n\t\t<\/section>\n\t\t\t\t<\/div>\n\t\t\n<p>&nbsp;<\/p>\n\t\t<div data-elementor-type=\"section\" data-elementor-id=\"5516\" class=\"elementor elementor-5516\" data-elementor-post-type=\"elementor_library\">\n\t\t\t\t\t<section class=\"wd-negative-gap elementor-section elementor-top-section elementor-element elementor-element-2502c1c elementor-section-boxed elementor-section-height-default elementor-section-height-default\" data-id=\"2502c1c\" data-element_type=\"section\" data-e-type=\"section\">\n\t\t\t\t\t\t<div class=\"elementor-container elementor-column-gap-no\">\n\t\t\t\t\t<div class=\"elementor-column elementor-col-100 elementor-top-column elementor-element elementor-element-5778c9b\" data-id=\"5778c9b\" data-element_type=\"column\" data-e-type=\"column\">\n\t\t\t<div class=\"elementor-widget-wrap elementor-element-populated\">\n\t\t\t\t\t\t<div class=\"elementor-element elementor-element-7ed9008 elementor-widget elementor-widget-heading\" data-id=\"7ed9008\" data-element_type=\"widget\" data-e-type=\"widget\" data-widget_type=\"heading.default\">\n\t\t\t\t<div class=\"elementor-widget-container\">\n\t\t\t\t\t<h3 class=\"elementor-heading-title elementor-size-default\">Formb\u00fcgel \u201eShape\u201c: bringen deine Kleidung einfach in Top-Form<\/h3>\t\t\t\t<\/div>\n\t\t\t\t<\/div>\n\t\t\t\t<div class=\"elementor-element elementor-element-6e58383 color-scheme-inherit text-left elementor-widget elementor-widget-text-editor\" data-id=\"6e58383\" data-element_type=\"widget\" data-e-type=\"widget\" data-widget_type=\"text-editor.default\">\n\t\t\t\t<div class=\"elementor-widget-container\">\n\t\t\t\t\t\t\t\t\t<p>Die Modelle unserer Serie \u201eShape\u201c bieten deinen Oberteilen deutlich mehr Komfort als herk\u00f6mmliche B\u00fcgel. Das liegt an der angewinkelten Anordnung der Schenkel, die meist zwischen 13 und 25 Grad betr\u00e4gt und auf diese Weise deine Schulterpartie nachahmen. Deshalb nennt man diese B\u00fcgel in Fachkreisen auch Formb\u00fcgel. Damit zudem der Kragen in Form bleibt, besitzen die B\u00fcgel der Serie \u201eShape\u201c auch einen ausgepr\u00e4gten Kopf.<\/p>\t\t\t\t\t\t\t\t<\/div>\n\t\t\t\t<\/div>\n\t\t\t\t\t<\/div>\n\t\t<\/div>\n\t\t\t\t\t<\/div>\n\t\t<\/section>\n\t\t\t\t<\/div>\n\t\t\n<p>&nbsp;<\/p>\n<h3>More from the &#8220;BASIC SHAPE&#8221;-series.<\/h3>\n<p>Already seen? The entry-level hanger made of lotus wood is also available with a <a href=\"https:\/\/kleiderbuegel-shop.de\/produkt\/c-129-sc\/\">metal clip bar<\/a> as well as a version <a href=\"https:\/\/kleiderbuegel-shop.de\/en\/p\/c-339-hr\/\">with a crossbar and skirt notches.<\/a><\/p>\n<h3><strong> Instructions for usage<\/strong><\/h3>\n<ul>\n<li>Please hang only dry <span class=\"a-text-bold\">laundry<\/span> on wooden hangers.<\/li>\n<li>Don&#8217;t use wooden hangers in rooms with <span class=\"a-text-bold\">high temperatures<\/span> or <span class=\"a-text-bold\">high humidity levels.<\/span><\/li>\n<\/ul>\n","protected":false},"excerpt":{"rendered":"<p>Shaped hanger made of lotus wood (43 cm), with notches, natural varnished<\/p>\n","protected":false},"featured_media":12261,"comment_status":"open","ping_status":"closed","template":"","meta":{"_acf_changed":false},"product_brand":[],"product_cat":[465],"product_tag":[],"class_list":{"0":"post-12900","1":"product","2":"type-product","3":"status-publish","4":"has-post-thumbnail","6":"product_cat-clothes-hangers-shape","7":"pa_ausstattung-notches","8":"pa_buegelhoehe-23-cm-en","9":"pa_buegellaenge-43-cm-en","10":"pa_buegelstaerke-12-mm-en","11":"pa_farbe-clear-laquered","12":"pa_geeignet-fuer-shirts","13":"pa_geeignet-fuer-sweaters","14":"pa_geeignet-fuer-sweatshirts-en","15":"pa_geeignet-fuer-t-shirts-en","16":"pa_genre-for-men","17":"pa_genre-for-women","18":"pa_haken-360-rotable","19":"pa_haken-nickel-plated-hook","20":"pa_holzart-lotus-wood","21":"pa_material-wood","23":"first","24":"outofstock","25":"taxable","26":"shipping-taxable","27":"purchasable","28":"product-type-simple"},"acf":[],"yoast_head":"<!-- This site is optimized with the Yoast SEO plugin v27.3 - https:\/\/yoast.com\/product\/yoast-seo-wordpress\/ -->\n<title>Clothes hanger made of lotus wood \ud83c\udf33 with notches, naturlal varnished<\/title>\n<meta name=\"description\" content=\"Clothes hanger made of lotus wood with notches | fast delivery \u2713 30 days of return \u2713 \u20ac55+ free domestic delivery \u2713\" \/>\n<meta name=\"robots\" content=\"index, follow, max-snippet:-1, max-image-preview:large, max-video-preview:-1\" \/>\n<link rel=\"canonical\" href=\"https:\/\/kleiderbuegel-shop.de\/en\/p\/weber-shaped-hanger-basic-with-notches\/\" \/>\n<meta property=\"og:locale\" content=\"en_US\" \/>\n<meta property=\"og:type\" content=\"article\" \/>\n<meta property=\"og:title\" content=\"Clothes hanger made of lotus wood \ud83c\udf33 with notches, naturlal varnished\" \/>\n<meta property=\"og:description\" content=\"Clothes hanger made of lotus wood with notches | fast delivery \u2713 30 days of return \u2713 \u20ac55+ free domestic delivery \u2713\" \/>\n<meta property=\"og:url\" content=\"https:\/\/kleiderbuegel-shop.de\/en\/p\/weber-shaped-hanger-basic-with-notches\/\" \/>\n<meta property=\"og:site_name\" content=\"Weber Kleiderb\u00fcgel Shop\" \/>\n<meta property=\"article:modified_time\" content=\"2023-07-27T09:01:46+00:00\" \/>\n<meta property=\"og:image\" content=\"https:\/\/kleiderbuegel-shop.de\/wp-content\/uploads\/c-329-h-front-scaled.jpg\" \/>\n\t<meta property=\"og:image:width\" content=\"2560\" \/>\n\t<meta property=\"og:image:height\" content=\"2560\" \/>\n\t<meta property=\"og:image:type\" content=\"image\/jpeg\" \/>\n<meta name=\"twitter:card\" content=\"summary_large_image\" \/>\n<meta name=\"twitter:label1\" content=\"Est. reading time\" \/>\n\t<meta name=\"twitter:data1\" content=\"1 minute\" \/>\n<script type=\"application\/ld+json\" class=\"yoast-schema-graph\">{\"@context\":\"https:\\\/\\\/schema.org\",\"@graph\":[{\"@type\":\"WebPage\",\"@id\":\"https:\\\/\\\/kleiderbuegel-shop.de\\\/en\\\/p\\\/weber-shaped-hanger-basic-with-notches\\\/\",\"url\":\"https:\\\/\\\/kleiderbuegel-shop.de\\\/en\\\/p\\\/weber-shaped-hanger-basic-with-notches\\\/\",\"name\":\"Clothes hanger made of lotus wood \ud83c\udf33 with notches, naturlal varnished\",\"isPartOf\":{\"@id\":\"https:\\\/\\\/kleiderbuegel-shop.de\\\/en\\\/#website\"},\"primaryImageOfPage\":{\"@id\":\"https:\\\/\\\/kleiderbuegel-shop.de\\\/en\\\/p\\\/weber-shaped-hanger-basic-with-notches\\\/#primaryimage\"},\"image\":{\"@id\":\"https:\\\/\\\/kleiderbuegel-shop.de\\\/en\\\/p\\\/weber-shaped-hanger-basic-with-notches\\\/#primaryimage\"},\"thumbnailUrl\":\"https:\\\/\\\/kleiderbuegel-shop.de\\\/wp-content\\\/uploads\\\/c-329-h-front-scaled.jpg\",\"datePublished\":\"2022-07-11T06:12:45+00:00\",\"dateModified\":\"2023-07-27T09:01:46+00:00\",\"description\":\"Clothes hanger made of lotus wood with notches | fast delivery \u2713 30 days of return \u2713 \u20ac55+ free domestic delivery \u2713\",\"breadcrumb\":{\"@id\":\"https:\\\/\\\/kleiderbuegel-shop.de\\\/en\\\/p\\\/weber-shaped-hanger-basic-with-notches\\\/#breadcrumb\"},\"inLanguage\":\"en-US\",\"potentialAction\":[{\"@type\":\"ReadAction\",\"target\":[\"https:\\\/\\\/kleiderbuegel-shop.de\\\/en\\\/p\\\/weber-shaped-hanger-basic-with-notches\\\/\"]}]},{\"@type\":\"ImageObject\",\"inLanguage\":\"en-US\",\"@id\":\"https:\\\/\\\/kleiderbuegel-shop.de\\\/en\\\/p\\\/weber-shaped-hanger-basic-with-notches\\\/#primaryimage\",\"url\":\"https:\\\/\\\/kleiderbuegel-shop.de\\\/wp-content\\\/uploads\\\/c-329-h-front-scaled.jpg\",\"contentUrl\":\"https:\\\/\\\/kleiderbuegel-shop.de\\\/wp-content\\\/uploads\\\/c-329-h-front-scaled.jpg\",\"width\":2560,\"height\":2560},{\"@type\":\"BreadcrumbList\",\"@id\":\"https:\\\/\\\/kleiderbuegel-shop.de\\\/en\\\/p\\\/weber-shaped-hanger-basic-with-notches\\\/#breadcrumb\",\"itemListElement\":[{\"@type\":\"ListItem\",\"position\":1,\"name\":\"Startseite\",\"item\":\"https:\\\/\\\/kleiderbuegel-shop.de\\\/en\\\/home-2-2-3-2\\\/\"},{\"@type\":\"ListItem\",\"position\":2,\"name\":\"Shop\",\"item\":\"https:\\\/\\\/kleiderbuegel-shop.de\\\/en\\\/shop\\\/\"},{\"@type\":\"ListItem\",\"position\":3,\"name\":\"Weber shaped hanger \u00bbBASIC\u00ab with notches\"}]},{\"@type\":\"WebSite\",\"@id\":\"https:\\\/\\\/kleiderbuegel-shop.de\\\/en\\\/#website\",\"url\":\"https:\\\/\\\/kleiderbuegel-shop.de\\\/en\\\/\",\"name\":\"Weber Kleiderb\u00fcgel Shop\",\"description\":\"Individuell. Modern. Zeitlos.\",\"potentialAction\":[{\"@type\":\"SearchAction\",\"target\":{\"@type\":\"EntryPoint\",\"urlTemplate\":\"https:\\\/\\\/kleiderbuegel-shop.de\\\/en\\\/?s={search_term_string}\"},\"query-input\":{\"@type\":\"PropertyValueSpecification\",\"valueRequired\":true,\"valueName\":\"search_term_string\"}}],\"inLanguage\":\"en-US\"}]}<\/script>\n<!-- \/ Yoast SEO plugin. -->","yoast_head_json":{"title":"Clothes hanger made of lotus wood \ud83c\udf33 with notches, naturlal varnished","description":"Clothes hanger made of lotus wood with notches | fast delivery \u2713 30 days of return \u2713 \u20ac55+ free domestic delivery \u2713","robots":{"index":"index","follow":"follow","max-snippet":"max-snippet:-1","max-image-preview":"max-image-preview:large","max-video-preview":"max-video-preview:-1"},"canonical":"https:\/\/kleiderbuegel-shop.de\/en\/p\/weber-shaped-hanger-basic-with-notches\/","og_locale":"en_US","og_type":"article","og_title":"Clothes hanger made of lotus wood \ud83c\udf33 with notches, naturlal varnished","og_description":"Clothes hanger made of lotus wood with notches | fast delivery \u2713 30 days of return \u2713 \u20ac55+ free domestic delivery \u2713","og_url":"https:\/\/kleiderbuegel-shop.de\/en\/p\/weber-shaped-hanger-basic-with-notches\/","og_site_name":"Weber Kleiderb\u00fcgel Shop","article_modified_time":"2023-07-27T09:01:46+00:00","og_image":[{"width":2560,"height":2560,"url":"https:\/\/kleiderbuegel-shop.de\/wp-content\/uploads\/c-329-h-front-scaled.jpg","type":"image\/jpeg"}],"twitter_card":"summary_large_image","twitter_misc":{"Est. reading time":"1 minute"},"schema":{"@context":"https:\/\/schema.org","@graph":[{"@type":"WebPage","@id":"https:\/\/kleiderbuegel-shop.de\/en\/p\/weber-shaped-hanger-basic-with-notches\/","url":"https:\/\/kleiderbuegel-shop.de\/en\/p\/weber-shaped-hanger-basic-with-notches\/","name":"Clothes hanger made of lotus wood \ud83c\udf33 with notches, naturlal varnished","isPartOf":{"@id":"https:\/\/kleiderbuegel-shop.de\/en\/#website"},"primaryImageOfPage":{"@id":"https:\/\/kleiderbuegel-shop.de\/en\/p\/weber-shaped-hanger-basic-with-notches\/#primaryimage"},"image":{"@id":"https:\/\/kleiderbuegel-shop.de\/en\/p\/weber-shaped-hanger-basic-with-notches\/#primaryimage"},"thumbnailUrl":"https:\/\/kleiderbuegel-shop.de\/wp-content\/uploads\/c-329-h-front-scaled.jpg","datePublished":"2022-07-11T06:12:45+00:00","dateModified":"2023-07-27T09:01:46+00:00","description":"Clothes hanger made of lotus wood with notches | fast delivery \u2713 30 days of return \u2713 \u20ac55+ free domestic delivery \u2713","breadcrumb":{"@id":"https:\/\/kleiderbuegel-shop.de\/en\/p\/weber-shaped-hanger-basic-with-notches\/#breadcrumb"},"inLanguage":"en-US","potentialAction":[{"@type":"ReadAction","target":["https:\/\/kleiderbuegel-shop.de\/en\/p\/weber-shaped-hanger-basic-with-notches\/"]}]},{"@type":"ImageObject","inLanguage":"en-US","@id":"https:\/\/kleiderbuegel-shop.de\/en\/p\/weber-shaped-hanger-basic-with-notches\/#primaryimage","url":"https:\/\/kleiderbuegel-shop.de\/wp-content\/uploads\/c-329-h-front-scaled.jpg","contentUrl":"https:\/\/kleiderbuegel-shop.de\/wp-content\/uploads\/c-329-h-front-scaled.jpg","width":2560,"height":2560},{"@type":"BreadcrumbList","@id":"https:\/\/kleiderbuegel-shop.de\/en\/p\/weber-shaped-hanger-basic-with-notches\/#breadcrumb","itemListElement":[{"@type":"ListItem","position":1,"name":"Startseite","item":"https:\/\/kleiderbuegel-shop.de\/en\/home-2-2-3-2\/"},{"@type":"ListItem","position":2,"name":"Shop","item":"https:\/\/kleiderbuegel-shop.de\/en\/shop\/"},{"@type":"ListItem","position":3,"name":"Weber shaped hanger \u00bbBASIC\u00ab with notches"}]},{"@type":"WebSite","@id":"https:\/\/kleiderbuegel-shop.de\/en\/#website","url":"https:\/\/kleiderbuegel-shop.de\/en\/","name":"Weber Kleiderb\u00fcgel Shop","description":"Individuell. Modern. Zeitlos.","potentialAction":[{"@type":"SearchAction","target":{"@type":"EntryPoint","urlTemplate":"https:\/\/kleiderbuegel-shop.de\/en\/?s={search_term_string}"},"query-input":{"@type":"PropertyValueSpecification","valueRequired":true,"valueName":"search_term_string"}}],"inLanguage":"en-US"}]}},"tiered_pricing_type":"percentage","tiered_pricing_fixed_rules":{"20":"0.96","50":"0.88","100":"0.84","250":"0.81","500":"0.78"},"tiered_pricing_product_settings":{"layout":"default","base_unit_name":{"singular":null,"plural":null},"default_variation":null},"tiered_pricing_minimum_quantity":10,"tiered_pricing_roles_data":[],"tiered_pricing_percentage_rules":{"20":"15.92","50":"19.1","100":"22.29"},"tiered_pricing_maximum_quantity":null,"tiered_pricing_quantity_step":null,"_links":{"self":[{"href":"https:\/\/kleiderbuegel-shop.de\/en\/wp-json\/wp\/v2\/product\/12900","targetHints":{"allow":["GET"]}}],"collection":[{"href":"https:\/\/kleiderbuegel-shop.de\/en\/wp-json\/wp\/v2\/product"}],"about":[{"href":"https:\/\/kleiderbuegel-shop.de\/en\/wp-json\/wp\/v2\/types\/product"}],"replies":[{"embeddable":true,"href":"https:\/\/kleiderbuegel-shop.de\/en\/wp-json\/wp\/v2\/comments?post=12900"}],"wp:featuredmedia":[{"embeddable":true,"href":"https:\/\/kleiderbuegel-shop.de\/en\/wp-json\/wp\/v2\/media\/12261"}],"wp:attachment":[{"href":"https:\/\/kleiderbuegel-shop.de\/en\/wp-json\/wp\/v2\/media?parent=12900"}],"wp:term":[{"taxonomy":"product_brand","embeddable":true,"href":"https:\/\/kleiderbuegel-shop.de\/en\/wp-json\/wp\/v2\/product_brand?post=12900"},{"taxonomy":"product_cat","embeddable":true,"href":"https:\/\/kleiderbuegel-shop.de\/en\/wp-json\/wp\/v2\/product_cat?post=12900"},{"taxonomy":"product_tag","embeddable":true,"href":"https:\/\/kleiderbuegel-shop.de\/en\/wp-json\/wp\/v2\/product_tag?post=12900"}],"curies":[{"name":"wp","href":"https:\/\/api.w.org\/{rel}","templated":true}]}}